


{"id":287,"date":"2021-01-28T17:24:11","date_gmt":"2021-01-28T16:24:11","guid":{"rendered":"https:\/\/amfairway.hu\/?page_id=287"},"modified":"2021-02-18T12:02:55","modified_gmt":"2021-02-18T11:02:55","slug":"tervezes","status":"publish","type":"page","link":"https:\/\/amfairway.hu\/en\/tervezes\/","title":{"rendered":"Design &amp; Concept Development"},"content":{"rendered":"<div data-elementor-type=\"wp-page\" data-elementor-id=\"287\" class=\"elementor elementor-287\" data-elementor-post-type=\"page\">\n\t\t\t\t\t\t<section class=\"elementor-section elementor-top-section elementor-element elementor-element-8448bf0 elementor-section-boxed elementor-section-height-default elementor-section-height-default\" data-id=\"8448bf0\" data-element_type=\"section\" data-e-type=\"section\">\n\t\t\t\t\t\t<div class=\"elementor-container elementor-column-gap-default\">\n\t\t\t\t\t<div class=\"elementor-column elementor-col-100 elementor-top-column elementor-element elementor-element-22b8efa\" data-id=\"22b8efa\" data-element_type=\"column\" data-e-type=\"column\">\n\t\t\t<div class=\"elementor-widget-wrap elementor-element-populated\">\n\t\t\t\t\t\t<div class=\"elementor-element elementor-element-3e283f3 elementor-invisible elementor-widget elementor-widget-heading\" data-id=\"3e283f3\" data-element_type=\"widget\" data-e-type=\"widget\" data-settings=\"{&quot;_animation&quot;:&quot;fadeIn&quot;}\" data-widget_type=\"heading.default\">\n\t\t\t\t<div class=\"elementor-widget-container\">\n\t\t\t\t\t<h2 class=\"elementor-heading-title elementor-size-default\">Design &amp; Concept Development<\/h2>\t\t\t\t<\/div>\n\t\t\t\t<\/div>\n\t\t\t\t<div class=\"elementor-element elementor-element-08f08c2 elementor-widget-divider--view-line_icon elementor-view-default elementor-widget-divider--element-align-center elementor-widget elementor-widget-divider\" data-id=\"08f08c2\" data-element_type=\"widget\" data-e-type=\"widget\" data-widget_type=\"divider.default\">\n\t\t\t\t<div class=\"elementor-widget-container\">\n\t\t\t\t\t\t\t<div class=\"elementor-divider\">\n\t\t\t<span class=\"elementor-divider-separator\">\n\t\t\t\t\t\t\t<div class=\"elementor-icon elementor-divider__element\">\n\t\t\t\t\t<i aria-hidden=\"true\" class=\"fas fa-caret-down\"><\/i><\/div>\n\t\t\t\t\t\t<\/span>\n\t\t<\/div>\n\t\t\t\t\t\t<\/div>\n\t\t\t\t<\/div>\n\t\t\t\t\t<\/div>\n\t\t<\/div>\n\t\t\t\t\t<\/div>\n\t\t<\/section>\n\t\t\t\t<section class=\"elementor-section elementor-top-section elementor-element elementor-element-512f1da5 elementor-reverse-tablet elementor-reverse-mobile elementor-section-boxed elementor-section-height-default elementor-section-height-default\" data-id=\"512f1da5\" data-element_type=\"section\" data-e-type=\"section\" data-settings=\"{&quot;background_background&quot;:&quot;classic&quot;}\">\n\t\t\t\t\t\t<div class=\"elementor-container elementor-column-gap-default\">\n\t\t\t\t\t<div class=\"elementor-column elementor-col-50 elementor-top-column elementor-element elementor-element-3148aaa0\" data-id=\"3148aaa0\" data-element_type=\"column\" data-e-type=\"column\">\n\t\t\t<div class=\"elementor-widget-wrap elementor-element-populated\">\n\t\t\t\t\t\t<div class=\"elementor-element elementor-element-43073e53 elementor-invisible elementor-widget elementor-widget-text-editor\" data-id=\"43073e53\" data-element_type=\"widget\" data-e-type=\"widget\" data-settings=\"{&quot;_animation&quot;:&quot;fadeInLeft&quot;}\" data-widget_type=\"text-editor.default\">\n\t\t\t\t<div class=\"elementor-widget-container\">\n\t\t\t\t\t\t\t\t\t<p class=\"translation-block\"><b>Innovative, Client-Centric Fashion Design<\/b><br><br>\n<p align=\"justify\">Our in-house design team works hand-in-hand with clients to bring their visions to life\u2014whether it\u2019s a single custom piece or a full-scale collection. Designs are created in line with the latest fashion trends or specific brand concepts, using both 2D and advanced 3D visualization tools.<\/p><\/p><p class=\"translation-block\"><p align=\"justify\">With high-quality, lifelike digital previews, our 3D technology allows clients to review garments from every angle, in motion and in their chosen fabric, before production begins. This streamlines the process, minimizes errors, and saves valuable time.<\/p><\/p><p class=\"translation-block\"><p align=\"justify\">From the initial concept to final patterns, our designers collaborate closely with our pattern makers, ensuring a seamless transition from vision to reality\u2014with accuracy, efficiency, and top-tier results.<\/p><\/p>\t\t\t\t\t\t\t\t<\/div>\n\t\t\t\t<\/div>\n\t\t\t\t<div class=\"elementor-element elementor-element-539ab4e elementor-invisible elementor-widget elementor-widget-button\" data-id=\"539ab4e\" data-element_type=\"widget\" data-e-type=\"widget\" data-settings=\"{&quot;_animation&quot;:&quot;fadeInLeft&quot;}\" data-widget_type=\"button.default\">\n\t\t\t\t<div class=\"elementor-widget-container\">\n\t\t\t\t\t\t\t\t\t<div class=\"elementor-button-wrapper\">\n\t\t\t\t\t<a class=\"elementor-button elementor-button-link elementor-size-sm\" href=\"https:\/\/amfairway.hu\/en\/\">\n\t\t\t\t\t\t<span class=\"elementor-button-content-wrapper\">\n\t\t\t\t\t\t<span class=\"elementor-button-icon\">\n\t\t\t\t<i aria-hidden=\"true\" class=\"far fa-arrow-alt-circle-left\"><\/i>\t\t\t<\/span>\n\t\t\t\t\t\t\t\t\t<span class=\"elementor-button-text\">Back<\/span>\n\t\t\t\t\t<\/span>\n\t\t\t\t\t<\/a>\n\t\t\t\t<\/div>\n\t\t\t\t\t\t\t\t<\/div>\n\t\t\t\t<\/div>\n\t\t\t\t\t<\/div>\n\t\t<\/div>\n\t\t\t\t<div class=\"elementor-column elementor-col-50 elementor-top-column elementor-element elementor-element-526f0fd1\" data-id=\"526f0fd1\" data-element_type=\"column\" data-e-type=\"column\">\n\t\t\t<div class=\"elementor-widget-wrap elementor-element-populated\">\n\t\t\t\t\t\t<div class=\"elementor-element elementor-element-691095cb elementor-invisible elementor-widget elementor-widget-image\" data-id=\"691095cb\" data-element_type=\"widget\" data-e-type=\"widget\" data-settings=\"{&quot;_animation&quot;:&quot;fadeInRight&quot;}\" data-widget_type=\"image.default\">\n\t\t\t\t<div class=\"elementor-widget-container\">\n\t\t\t\t\t\t\t\t\t\t\t\t\t\t\t<img fetchpriority=\"high\" decoding=\"async\" width=\"800\" height=\"750\" src=\"https:\/\/amfairway.hu\/wp-content\/uploads\/2021\/01\/AM-Fairway_varroda_tervezes.jpg\" class=\"attachment-large size-large wp-image-290\" alt=\"\" srcset=\"https:\/\/amfairway.hu\/wp-content\/uploads\/2021\/01\/AM-Fairway_varroda_tervezes.jpg 800w, https:\/\/amfairway.hu\/wp-content\/uploads\/2021\/01\/AM-Fairway_varroda_tervezes-300x281.jpg 300w, https:\/\/amfairway.hu\/wp-content\/uploads\/2021\/01\/AM-Fairway_varroda_tervezes-768x720.jpg 768w\" sizes=\"(max-width: 800px) 100vw, 800px\" \/>\t\t\t\t\t\t\t\t\t\t\t\t\t\t\t<\/div>\n\t\t\t\t<\/div>\n\t\t\t\t\t<\/div>\n\t\t<\/div>\n\t\t\t\t\t<\/div>\n\t\t<\/section>\n\t\t\t\t<\/div>","protected":false},"excerpt":{"rendered":"<p>Tervez\u00e9s C\u00e9g\u00fcnk saj\u00e1t tervez\u0151 csapata seg\u00edt megtervezni az \u00fcgyfelek \u00e1ltal meg\u00e1lmodott ruh\u00e1kat, vagy kollekci\u00f3t. Tervez\u0151ink a leg\u00fajabb divatir\u00e1nyzatoknak, vagy az adott t\u00e9m\u00e1nak megfelel\u0151en megtervezik a modelleket ak\u00e1r 2D vagy 3D megjelen\u00edt\u00e9ssel is. A ruh\u00e1kr\u00f3l sz\u00e1m\u00edt\u00f3g\u00e9pes, \u00e9leth\u0171 l\u00e1tv\u00e1nytervet k\u00e9sz\u00edt\u00fcnk. A 3D el\u0151nye, hogy a gy\u00e1rt\u00e1st megel\u0151z\u0151en \u00fcgyfeleink a kiv\u00e1lasztott alapanyaggal, megforgatva megtekinthetik a ruhadarabokat minden oldalr\u00f3l, &#8230; <a title=\"Design &amp; Concept Development\" class=\"read-more\" href=\"https:\/\/amfairway.hu\/en\/tervezes\/\" aria-label=\"Read more about Tervez\u00e9s\">Read more<\/a><\/p>","protected":false},"author":4,"featured_media":0,"parent":0,"menu_order":0,"comment_status":"closed","ping_status":"open","template":"elementor_header_footer","meta":{"footnotes":""},"class_list":["post-287","page","type-page","status-publish"],"_links":{"self":[{"href":"https:\/\/amfairway.hu\/en\/wp-json\/wp\/v2\/pages\/287","targetHints":{"allow":["GET"]}}],"collection":[{"href":"https:\/\/amfairway.hu\/en\/wp-json\/wp\/v2\/pages"}],"about":[{"href":"https:\/\/amfairway.hu\/en\/wp-json\/wp\/v2\/types\/page"}],"author":[{"embeddable":true,"href":"https:\/\/amfairway.hu\/en\/wp-json\/wp\/v2\/users\/4"}],"replies":[{"embeddable":true,"href":"https:\/\/amfairway.hu\/en\/wp-json\/wp\/v2\/comments?post=287"}],"version-history":[{"count":25,"href":"https:\/\/amfairway.hu\/en\/wp-json\/wp\/v2\/pages\/287\/revisions"}],"predecessor-version":[{"id":548,"href":"https:\/\/amfairway.hu\/en\/wp-json\/wp\/v2\/pages\/287\/revisions\/548"}],"wp:attachment":[{"href":"https:\/\/amfairway.hu\/en\/wp-json\/wp\/v2\/media?parent=287"}],"curies":[{"name":"wp","href":"https:\/\/api.w.org\/{rel}","templated":true}]}}