


{"id":381,"date":"2021-02-03T17:33:59","date_gmt":"2021-02-03T16:33:59","guid":{"rendered":"https:\/\/amfairway.hu\/?page_id=381"},"modified":"2021-02-18T14:27:33","modified_gmt":"2021-02-18T13:27:33","slug":"himzes-es-nyomas","status":"publish","type":"page","link":"https:\/\/amfairway.hu\/en\/himzes-es-nyomas\/","title":{"rendered":"H\u00edmz\u00e9s \u00e9s nyom\u00e1s"},"content":{"rendered":"<div data-elementor-type=\"wp-page\" data-elementor-id=\"381\" class=\"elementor elementor-381\" data-elementor-post-type=\"page\">\n\t\t\t\t\t\t<section class=\"elementor-section elementor-top-section elementor-element elementor-element-df6c691 elementor-section-boxed elementor-section-height-default elementor-section-height-default\" data-id=\"df6c691\" data-element_type=\"section\" data-e-type=\"section\">\n\t\t\t\t\t\t<div class=\"elementor-container elementor-column-gap-default\">\n\t\t\t\t\t<div class=\"elementor-column elementor-col-100 elementor-top-column elementor-element elementor-element-dfc323b\" data-id=\"dfc323b\" data-element_type=\"column\" data-e-type=\"column\">\n\t\t\t<div class=\"elementor-widget-wrap elementor-element-populated\">\n\t\t\t\t\t\t<div class=\"elementor-element elementor-element-73a5cee elementor-invisible elementor-widget elementor-widget-heading\" data-id=\"73a5cee\" data-element_type=\"widget\" data-e-type=\"widget\" data-settings=\"{&quot;_animation&quot;:&quot;fadeIn&quot;}\" data-widget_type=\"heading.default\">\n\t\t\t\t<div class=\"elementor-widget-container\">\n\t\t\t\t\t<h2 class=\"elementor-heading-title elementor-size-default\">Embroidery, Printing &amp; Labeling<\/h2>\t\t\t\t<\/div>\n\t\t\t\t<\/div>\n\t\t\t\t<div class=\"elementor-element elementor-element-e2ffde9 elementor-widget-divider--view-line_icon elementor-view-default elementor-widget-divider--element-align-center elementor-widget elementor-widget-divider\" data-id=\"e2ffde9\" data-element_type=\"widget\" data-e-type=\"widget\" data-widget_type=\"divider.default\">\n\t\t\t\t<div class=\"elementor-widget-container\">\n\t\t\t\t\t\t\t<div class=\"elementor-divider\">\n\t\t\t<span class=\"elementor-divider-separator\">\n\t\t\t\t\t\t\t<div class=\"elementor-icon elementor-divider__element\">\n\t\t\t\t\t<i aria-hidden=\"true\" class=\"fas fa-caret-down\"><\/i><\/div>\n\t\t\t\t\t\t<\/span>\n\t\t<\/div>\n\t\t\t\t\t\t<\/div>\n\t\t\t\t<\/div>\n\t\t\t\t\t<\/div>\n\t\t<\/div>\n\t\t\t\t\t<\/div>\n\t\t<\/section>\n\t\t\t\t<section class=\"elementor-section elementor-top-section elementor-element elementor-element-0f845fa elementor-reverse-tablet elementor-reverse-mobile elementor-section-boxed elementor-section-height-default elementor-section-height-default\" data-id=\"0f845fa\" data-element_type=\"section\" data-e-type=\"section\" data-settings=\"{&quot;background_background&quot;:&quot;classic&quot;}\">\n\t\t\t\t\t\t<div class=\"elementor-container elementor-column-gap-default\">\n\t\t\t\t\t<div class=\"elementor-column elementor-col-50 elementor-top-column elementor-element elementor-element-f21fbd8\" data-id=\"f21fbd8\" data-element_type=\"column\" data-e-type=\"column\">\n\t\t\t<div class=\"elementor-widget-wrap elementor-element-populated\">\n\t\t\t\t\t\t<div class=\"elementor-element elementor-element-88da0ae elementor-invisible elementor-widget elementor-widget-text-editor\" data-id=\"88da0ae\" data-element_type=\"widget\" data-e-type=\"widget\" data-settings=\"{&quot;_animation&quot;:&quot;fadeInLeft&quot;}\" data-widget_type=\"text-editor.default\">\n\t\t\t\t<div class=\"elementor-widget-container\">\n\t\t\t\t\t\t\t\t\t<p><b>Distinctive details that define your brand<\/b><br><br>\n<p align=\"justify\">We offer more than garment production\u2014we help you build a brand identity through every stitch and detail. Our in-house graphic designers support clients with custom embroidery, print, and label design, even extending to the planning of final packaging.<\/p><\/p><p class=\"translation-block\"><p align=\"justify\">Using advanced German embroidery machines and a skilled team, we deliver high-quality embroidery for logos, patterns, and decorative motifs\u2014even on finished garments.<\/p><\/p><p class=\"translation-block\"><p align=\"justify\">Our printing services include screen printing, heat transfer, and sublimation options, allowing clients to select the technique that best suits their brand and product aesthetic.<\/p><\/p><p class=\"translation-block\"><p align=\"justify\">We also provide personalized labeling solutions, including custom-branded woven or satin sew-in labels, care instructions, size tags, and even barcode labels. Thanks to our modern label printing equipment, each product can carry unique branding\u2014whether it\u2019s your company name, logo, or a completely custom design.<\/p><\/p>\t\t\t\t\t\t\t\t<\/div>\n\t\t\t\t<\/div>\n\t\t\t\t\t<\/div>\n\t\t<\/div>\n\t\t\t\t<div class=\"elementor-column elementor-col-50 elementor-top-column elementor-element elementor-element-a879d5a\" data-id=\"a879d5a\" data-element_type=\"column\" data-e-type=\"column\">\n\t\t\t<div class=\"elementor-widget-wrap elementor-element-populated\">\n\t\t\t\t\t\t<div class=\"elementor-element elementor-element-b82c313 elementor-invisible elementor-widget elementor-widget-image\" data-id=\"b82c313\" data-element_type=\"widget\" data-e-type=\"widget\" data-settings=\"{&quot;_animation&quot;:&quot;fadeInRight&quot;}\" data-widget_type=\"image.default\">\n\t\t\t\t<div class=\"elementor-widget-container\">\n\t\t\t\t\t\t\t\t\t\t\t\t\t\t\t<img fetchpriority=\"high\" decoding=\"async\" width=\"800\" height=\"750\" src=\"https:\/\/amfairway.hu\/wp-content\/uploads\/2021\/02\/himzes-nyomas.jpg\" class=\"attachment-large size-large wp-image-605\" alt=\"\" srcset=\"https:\/\/amfairway.hu\/wp-content\/uploads\/2021\/02\/himzes-nyomas.jpg 800w, https:\/\/amfairway.hu\/wp-content\/uploads\/2021\/02\/himzes-nyomas-300x281.jpg 300w, https:\/\/amfairway.hu\/wp-content\/uploads\/2021\/02\/himzes-nyomas-768x720.jpg 768w\" sizes=\"(max-width: 800px) 100vw, 800px\" \/>\t\t\t\t\t\t\t\t\t\t\t\t\t\t\t<\/div>\n\t\t\t\t<\/div>\n\t\t\t\t\t<\/div>\n\t\t<\/div>\n\t\t\t\t\t<\/div>\n\t\t<\/section>\n\t\t\t\t<section class=\"elementor-section elementor-top-section elementor-element elementor-element-43382ca elementor-section-boxed elementor-section-height-default elementor-section-height-default\" data-id=\"43382ca\" data-element_type=\"section\" data-e-type=\"section\">\n\t\t\t\t\t\t<div class=\"elementor-container elementor-column-gap-default\">\n\t\t\t\t\t<div class=\"elementor-column elementor-col-100 elementor-top-column elementor-element elementor-element-8ca1367\" data-id=\"8ca1367\" data-element_type=\"column\" data-e-type=\"column\">\n\t\t\t<div class=\"elementor-widget-wrap elementor-element-populated\">\n\t\t\t\t\t\t<div class=\"elementor-element elementor-element-b0cfb2f elementor-invisible elementor-widget elementor-widget-text-editor\" data-id=\"b0cfb2f\" data-element_type=\"widget\" data-e-type=\"widget\" data-settings=\"{&quot;_animation&quot;:&quot;fadeInLeft&quot;}\" data-widget_type=\"text-editor.default\">\n\t\t\t\t<div class=\"elementor-widget-container\">\n\t\t\t\t\t\t\t\t\t<p><p align=\"justify\">We focus on the fine details\u2014because true quality lies in the finishing touches.<\/p><\/p>\t\t\t\t\t\t\t\t<\/div>\n\t\t\t\t<\/div>\n\t\t\t\t<div class=\"elementor-element elementor-element-22e8423 elementor-invisible elementor-widget elementor-widget-button\" data-id=\"22e8423\" data-element_type=\"widget\" data-e-type=\"widget\" data-settings=\"{&quot;_animation&quot;:&quot;fadeInLeft&quot;}\" data-widget_type=\"button.default\">\n\t\t\t\t<div class=\"elementor-widget-container\">\n\t\t\t\t\t\t\t\t\t<div class=\"elementor-button-wrapper\">\n\t\t\t\t\t<a class=\"elementor-button elementor-button-link elementor-size-sm\" href=\"https:\/\/amfairway.hu\/en\/\">\n\t\t\t\t\t\t<span class=\"elementor-button-content-wrapper\">\n\t\t\t\t\t\t<span class=\"elementor-button-icon\">\n\t\t\t\t<i aria-hidden=\"true\" class=\"far fa-arrow-alt-circle-left\"><\/i>\t\t\t<\/span>\n\t\t\t\t\t\t\t\t\t<span class=\"elementor-button-text\">Back<\/span>\n\t\t\t\t\t<\/span>\n\t\t\t\t\t<\/a>\n\t\t\t\t<\/div>\n\t\t\t\t\t\t\t\t<\/div>\n\t\t\t\t<\/div>\n\t\t\t\t\t<\/div>\n\t\t<\/div>\n\t\t\t\t\t<\/div>\n\t\t<\/section>\n\t\t\t\t<\/div>","protected":false},"excerpt":{"rendered":"<p>H\u00edmz\u00e9s, nyom\u00e1s Saj\u00e1t grafikusaink a ruhadarabok nyom\u00e1s\u00e1ban, h\u00edmz\u00e9s\u00e9ben \u00e9s c\u00edmk\u00e9z\u00e9s\u00e9ben is a megrendel\u0151k seg\u00edts\u00e9g\u00e9re vannak, ak\u00e1r a v\u00e9gs\u0151 csomagol\u00e1s megtervez\u00e9se mellett. Korszer\u0171 n\u00e9met h\u00edmz\u0151g\u00e9peinkkel, kiv\u00e1l\u00f3 szakembereinkkel min\u0151s\u00e9gi h\u00edmz\u00e9seket k\u00e9sz\u00edt\u00fcnk, legyen sz\u00f3 log\u00f3kr\u00f3l, k\u00fcl\u00f6nf\u00e9le mint\u00e1kr\u00f3l, vagy mot\u00edvumokr\u00f3l, ak\u00e1r k\u00e9sz term\u00e9kek h\u00edmz\u00e9s\u00e9r\u0151l. Ruh\u00e1inkat nyom\u00e1ssal is el tudjuk k\u00e9sz\u00edteni, \u00fcgyfeleink szita-, transzfer- \u00e9s szublim\u00e1lt nyom\u00e1si technik\u00e1k k\u00f6z\u00fcl is &#8230; <a title=\"H\u00edmz\u00e9s \u00e9s nyom\u00e1s\" class=\"read-more\" href=\"https:\/\/amfairway.hu\/en\/himzes-es-nyomas\/\" aria-label=\"Read more about H\u00edmz\u00e9s \u00e9s nyom\u00e1s\">Read more<\/a><\/p>","protected":false},"author":4,"featured_media":0,"parent":0,"menu_order":0,"comment_status":"closed","ping_status":"open","template":"elementor_header_footer","meta":{"footnotes":""},"class_list":["post-381","page","type-page","status-publish"],"_links":{"self":[{"href":"https:\/\/amfairway.hu\/en\/wp-json\/wp\/v2\/pages\/381","targetHints":{"allow":["GET"]}}],"collection":[{"href":"https:\/\/amfairway.hu\/en\/wp-json\/wp\/v2\/pages"}],"about":[{"href":"https:\/\/amfairway.hu\/en\/wp-json\/wp\/v2\/types\/page"}],"author":[{"embeddable":true,"href":"https:\/\/amfairway.hu\/en\/wp-json\/wp\/v2\/users\/4"}],"replies":[{"embeddable":true,"href":"https:\/\/amfairway.hu\/en\/wp-json\/wp\/v2\/comments?post=381"}],"version-history":[{"count":19,"href":"https:\/\/amfairway.hu\/en\/wp-json\/wp\/v2\/pages\/381\/revisions"}],"predecessor-version":[{"id":611,"href":"https:\/\/amfairway.hu\/en\/wp-json\/wp\/v2\/pages\/381\/revisions\/611"}],"wp:attachment":[{"href":"https:\/\/amfairway.hu\/en\/wp-json\/wp\/v2\/media?parent=381"}],"curies":[{"name":"wp","href":"https:\/\/api.w.org\/{rel}","templated":true}]}}