


{"id":390,"date":"2021-02-03T18:02:59","date_gmt":"2021-02-03T17:02:59","guid":{"rendered":"https:\/\/amfairway.hu\/?page_id=390"},"modified":"2021-02-18T14:34:39","modified_gmt":"2021-02-18T13:34:39","slug":"bermunka","status":"publish","type":"page","link":"https:\/\/amfairway.hu\/en\/bermunka\/","title":{"rendered":"Contract Manufacturing \u2013 End-to-End Fashion Production"},"content":{"rendered":"<div data-elementor-type=\"wp-page\" data-elementor-id=\"390\" class=\"elementor elementor-390\" data-elementor-post-type=\"page\">\n\t\t\t\t\t\t<section class=\"elementor-section elementor-top-section elementor-element elementor-element-d642320 elementor-section-boxed elementor-section-height-default elementor-section-height-default\" data-id=\"d642320\" data-element_type=\"section\" data-e-type=\"section\">\n\t\t\t\t\t\t<div class=\"elementor-container elementor-column-gap-default\">\n\t\t\t\t\t<div class=\"elementor-column elementor-col-100 elementor-top-column elementor-element elementor-element-38f9b50\" data-id=\"38f9b50\" data-element_type=\"column\" data-e-type=\"column\">\n\t\t\t<div class=\"elementor-widget-wrap elementor-element-populated\">\n\t\t\t\t\t\t<div class=\"elementor-element elementor-element-87c666d elementor-invisible elementor-widget elementor-widget-heading\" data-id=\"87c666d\" data-element_type=\"widget\" data-e-type=\"widget\" data-settings=\"{&quot;_animation&quot;:&quot;fadeIn&quot;}\" data-widget_type=\"heading.default\">\n\t\t\t\t<div class=\"elementor-widget-container\">\n\t\t\t\t\t<h2 class=\"elementor-heading-title elementor-size-default\">Contract Manufacturing \u2013 End-to-End Fashion Production<\/h2>\t\t\t\t<\/div>\n\t\t\t\t<\/div>\n\t\t\t\t<div class=\"elementor-element elementor-element-c4b58ef elementor-widget-divider--view-line_icon elementor-view-default elementor-widget-divider--element-align-center elementor-widget elementor-widget-divider\" data-id=\"c4b58ef\" data-element_type=\"widget\" data-e-type=\"widget\" data-widget_type=\"divider.default\">\n\t\t\t\t<div class=\"elementor-widget-container\">\n\t\t\t\t\t\t\t<div class=\"elementor-divider\">\n\t\t\t<span class=\"elementor-divider-separator\">\n\t\t\t\t\t\t\t<div class=\"elementor-icon elementor-divider__element\">\n\t\t\t\t\t<i aria-hidden=\"true\" class=\"fas fa-caret-down\"><\/i><\/div>\n\t\t\t\t\t\t<\/span>\n\t\t<\/div>\n\t\t\t\t\t\t<\/div>\n\t\t\t\t<\/div>\n\t\t\t\t\t<\/div>\n\t\t<\/div>\n\t\t\t\t\t<\/div>\n\t\t<\/section>\n\t\t\t\t<section class=\"elementor-section elementor-top-section elementor-element elementor-element-789edd0 elementor-section-boxed elementor-section-height-default elementor-section-height-default\" data-id=\"789edd0\" data-element_type=\"section\" data-e-type=\"section\" data-settings=\"{&quot;background_background&quot;:&quot;classic&quot;}\">\n\t\t\t\t\t\t<div class=\"elementor-container elementor-column-gap-default\">\n\t\t\t\t\t<div class=\"elementor-column elementor-col-50 elementor-top-column elementor-element elementor-element-aed68d3\" data-id=\"aed68d3\" data-element_type=\"column\" data-e-type=\"column\">\n\t\t\t<div class=\"elementor-widget-wrap elementor-element-populated\">\n\t\t\t\t\t\t<div class=\"elementor-element elementor-element-8ed28eb elementor-invisible elementor-widget elementor-widget-image\" data-id=\"8ed28eb\" data-element_type=\"widget\" data-e-type=\"widget\" data-settings=\"{&quot;_animation&quot;:&quot;fadeInLeft&quot;}\" data-widget_type=\"image.default\">\n\t\t\t\t<div class=\"elementor-widget-container\">\n\t\t\t\t\t\t\t\t\t\t\t\t\t\t\t<img fetchpriority=\"high\" decoding=\"async\" width=\"800\" height=\"750\" src=\"https:\/\/amfairway.hu\/wp-content\/uploads\/2021\/02\/bermunka.jpg\" class=\"attachment-large size-large wp-image-612\" alt=\"\" srcset=\"https:\/\/amfairway.hu\/wp-content\/uploads\/2021\/02\/bermunka.jpg 800w, https:\/\/amfairway.hu\/wp-content\/uploads\/2021\/02\/bermunka-300x281.jpg 300w, https:\/\/amfairway.hu\/wp-content\/uploads\/2021\/02\/bermunka-768x720.jpg 768w\" sizes=\"(max-width: 800px) 100vw, 800px\" \/>\t\t\t\t\t\t\t\t\t\t\t\t\t\t\t<\/div>\n\t\t\t\t<\/div>\n\t\t\t\t\t<\/div>\n\t\t<\/div>\n\t\t\t\t<div class=\"elementor-column elementor-col-50 elementor-top-column elementor-element elementor-element-f0b0fba\" data-id=\"f0b0fba\" data-element_type=\"column\" data-e-type=\"column\">\n\t\t\t<div class=\"elementor-widget-wrap elementor-element-populated\">\n\t\t\t\t\t\t<div class=\"elementor-element elementor-element-a7c5cfb elementor-invisible elementor-widget elementor-widget-text-editor\" data-id=\"a7c5cfb\" data-element_type=\"widget\" data-e-type=\"widget\" data-settings=\"{&quot;_animation&quot;:&quot;fadeInRight&quot;}\" data-widget_type=\"text-editor.default\">\n\t\t\t\t<div class=\"elementor-widget-container\">\n\t\t\t\t\t\t\t\t\t<p class=\"translation-block\"><b>You envision it \u2013 we bring it to life, from planning to delivery<\/b><br><br>\n<p align=\"justify\">We offer comprehensive contract manufacturing services for fashion brands, covering the entire production process\u2014from project planning and fabric sourcing to final garment delivery.<\/p><\/p><p class=\"translation-block\"><p align=\"justify\">Whether it\u2019s a unique piece or a large-scale collection, our experienced team and well-structured workflow ensure that every stage of production runs smoothly and efficiently.<\/p><\/p><p class=\"translation-block\"><p align=\"justify\">Thanks to our <b>flexible production capacity<\/b> and <b>reliable fabric supplier network<\/b>, we guarantee <b>fast turnaround times<\/b> without compromising on quality.<\/p><\/p>\t\t\t\t\t\t\t\t<\/div>\n\t\t\t\t<\/div>\n\t\t\t\t<div class=\"elementor-element elementor-element-cc7305f elementor-invisible elementor-widget elementor-widget-button\" data-id=\"cc7305f\" data-element_type=\"widget\" data-e-type=\"widget\" data-settings=\"{&quot;_animation&quot;:&quot;fadeInRight&quot;}\" data-widget_type=\"button.default\">\n\t\t\t\t<div class=\"elementor-widget-container\">\n\t\t\t\t\t\t\t\t\t<div class=\"elementor-button-wrapper\">\n\t\t\t\t\t<a class=\"elementor-button elementor-button-link elementor-size-sm\" href=\"https:\/\/amfairway.hu\/en\/\">\n\t\t\t\t\t\t<span class=\"elementor-button-content-wrapper\">\n\t\t\t\t\t\t<span class=\"elementor-button-icon\">\n\t\t\t\t<i aria-hidden=\"true\" class=\"far fa-arrow-alt-circle-left\"><\/i>\t\t\t<\/span>\n\t\t\t\t\t\t\t\t\t<span class=\"elementor-button-text\">Back<\/span>\n\t\t\t\t\t<\/span>\n\t\t\t\t\t<\/a>\n\t\t\t\t<\/div>\n\t\t\t\t\t\t\t\t<\/div>\n\t\t\t\t<\/div>\n\t\t\t\t\t<\/div>\n\t\t<\/div>\n\t\t\t\t\t<\/div>\n\t\t<\/section>\n\t\t\t\t<\/div>","protected":false},"excerpt":{"rendered":"<p>B\u00e9rmunka Legyen sz\u00f3 indul\u00f3 v\u00e1llalkoz\u00e1sr\u00f3l, ak\u00e1r megl\u00e9v\u0151, vagy \u00faj modellekr\u0151l, c\u00e9g\u00fcnk a kezdetekt\u0151l szakmai seg\u00edts\u00e9get tud ny\u00fajtani a k\u00fcl\u00f6nb\u00f6z\u0151 modellek megval\u00f3s\u00edt\u00e1s\u00e1hoz. A projekttervez\u00e9st\u0151l, az alapanyagbeszerz\u00e9sen \u00e1t c\u00e9g\u00fcnk a divatterm\u00e9kek el\u0151\u00e1ll\u00edt\u00e1s\u00e1nak teljes gy\u00e1rt\u00e1si folyamat\u00e1t k\u00e9pes koordin\u00e1lni. A gyors sz\u00e1ll\u00edt\u00e1si hat\u00e1rid\u0151, k\u00f6sz\u00f6nhet\u0151 a rugalmas gy\u00e1rt\u00e1si kapacit\u00e1sunknak \u00e9s a megb\u00edzhat\u00f3 sz\u00f6vet besz\u00e1ll\u00edt\u00f3i h\u00e1tter\u00fcnknek. Vissza<\/p>","protected":false},"author":4,"featured_media":0,"parent":0,"menu_order":0,"comment_status":"closed","ping_status":"closed","template":"elementor_header_footer","meta":{"footnotes":""},"class_list":["post-390","page","type-page","status-publish"],"_links":{"self":[{"href":"https:\/\/amfairway.hu\/en\/wp-json\/wp\/v2\/pages\/390","targetHints":{"allow":["GET"]}}],"collection":[{"href":"https:\/\/amfairway.hu\/en\/wp-json\/wp\/v2\/pages"}],"about":[{"href":"https:\/\/amfairway.hu\/en\/wp-json\/wp\/v2\/types\/page"}],"author":[{"embeddable":true,"href":"https:\/\/amfairway.hu\/en\/wp-json\/wp\/v2\/users\/4"}],"replies":[{"embeddable":true,"href":"https:\/\/amfairway.hu\/en\/wp-json\/wp\/v2\/comments?post=390"}],"version-history":[{"count":19,"href":"https:\/\/amfairway.hu\/en\/wp-json\/wp\/v2\/pages\/390\/revisions"}],"predecessor-version":[{"id":618,"href":"https:\/\/amfairway.hu\/en\/wp-json\/wp\/v2\/pages\/390\/revisions\/618"}],"wp:attachment":[{"href":"https:\/\/amfairway.hu\/en\/wp-json\/wp\/v2\/media?parent=390"}],"curies":[{"name":"wp","href":"https:\/\/api.w.org\/{rel}","templated":true}]}}