


{"id":450,"date":"2021-02-03T18:51:08","date_gmt":"2021-02-03T17:51:08","guid":{"rendered":"https:\/\/amfairway.hu\/?page_id=450"},"modified":"2021-02-18T13:54:22","modified_gmt":"2021-02-18T12:54:22","slug":"szabaszat","status":"publish","type":"page","link":"https:\/\/amfairway.hu\/en\/szabaszat\/","title":{"rendered":"Cutting Department"},"content":{"rendered":"<div data-elementor-type=\"wp-page\" data-elementor-id=\"450\" class=\"elementor elementor-450\" data-elementor-post-type=\"page\">\n\t\t\t\t\t\t<section class=\"elementor-section elementor-top-section elementor-element elementor-element-d9905b3 elementor-section-boxed elementor-section-height-default elementor-section-height-default\" data-id=\"d9905b3\" data-element_type=\"section\" data-e-type=\"section\">\n\t\t\t\t\t\t<div class=\"elementor-container elementor-column-gap-default\">\n\t\t\t\t\t<div class=\"elementor-column elementor-col-100 elementor-top-column elementor-element elementor-element-7a6eaab\" data-id=\"7a6eaab\" data-element_type=\"column\" data-e-type=\"column\">\n\t\t\t<div class=\"elementor-widget-wrap elementor-element-populated\">\n\t\t\t\t\t\t<div class=\"elementor-element elementor-element-b6823a2 elementor-invisible elementor-widget elementor-widget-heading\" data-id=\"b6823a2\" data-element_type=\"widget\" data-e-type=\"widget\" data-settings=\"{&quot;_animation&quot;:&quot;fadeIn&quot;}\" data-widget_type=\"heading.default\">\n\t\t\t\t<div class=\"elementor-widget-container\">\n\t\t\t\t\t<h2 class=\"elementor-heading-title elementor-size-default\">Cutting Department<\/h2>\t\t\t\t<\/div>\n\t\t\t\t<\/div>\n\t\t\t\t<div class=\"elementor-element elementor-element-182029a elementor-widget-divider--view-line_icon elementor-view-default elementor-widget-divider--element-align-center elementor-widget elementor-widget-divider\" data-id=\"182029a\" data-element_type=\"widget\" data-e-type=\"widget\" data-widget_type=\"divider.default\">\n\t\t\t\t<div class=\"elementor-widget-container\">\n\t\t\t\t\t\t\t<div class=\"elementor-divider\">\n\t\t\t<span class=\"elementor-divider-separator\">\n\t\t\t\t\t\t\t<div class=\"elementor-icon elementor-divider__element\">\n\t\t\t\t\t<i aria-hidden=\"true\" class=\"fas fa-caret-down\"><\/i><\/div>\n\t\t\t\t\t\t<\/span>\n\t\t<\/div>\n\t\t\t\t\t\t<\/div>\n\t\t\t\t<\/div>\n\t\t\t\t\t<\/div>\n\t\t<\/div>\n\t\t\t\t\t<\/div>\n\t\t<\/section>\n\t\t\t\t<section class=\"elementor-section elementor-top-section elementor-element elementor-element-61a2827 elementor-reverse-tablet elementor-reverse-mobile elementor-section-boxed elementor-section-height-default elementor-section-height-default\" data-id=\"61a2827\" data-element_type=\"section\" data-e-type=\"section\" data-settings=\"{&quot;background_background&quot;:&quot;classic&quot;}\">\n\t\t\t\t\t\t<div class=\"elementor-container elementor-column-gap-default\">\n\t\t\t\t\t<div class=\"elementor-column elementor-col-50 elementor-top-column elementor-element elementor-element-7d4baeb\" data-id=\"7d4baeb\" data-element_type=\"column\" data-e-type=\"column\">\n\t\t\t<div class=\"elementor-widget-wrap elementor-element-populated\">\n\t\t\t\t\t\t<div class=\"elementor-element elementor-element-6be984e elementor-invisible elementor-widget elementor-widget-text-editor\" data-id=\"6be984e\" data-element_type=\"widget\" data-e-type=\"widget\" data-settings=\"{&quot;_animation&quot;:&quot;fadeInLeft&quot;}\" data-widget_type=\"text-editor.default\">\n\t\t\t\t<div class=\"elementor-widget-container\">\n\t\t\t\t\t\t\t\t\t<p class=\"translation-block\"><b>Precision, Efficiency, and Consistency \u2013 at Every Step of the Cutting Process<\/b><br>\n<p align=\"justify\">Our cutting department is fully dedicated to optimizing fabric usage, ensuring precision in every cut, and delivering consistent, high-quality garment components. Whether working with client-supplied patterns or those developed in-house using our CAD system, our marker planning always aims for maximum fabric efficiency.<\/p><\/p><p class=\"translation-block\"><p align=\"justify\">All incoming fabrics undergo thorough testing to assess shrinkage and stretching under fusing and pressing. These results are factored into the marker layouts, guaranteeing that the final garment matches the exact size specifications ordered. To further ensure quality, fabrics are rested for 24 to 48 hours before spreading and cutting.<\/p><\/p>\t\t\t\t\t\t\t\t<\/div>\n\t\t\t\t<\/div>\n\t\t\t\t\t<\/div>\n\t\t<\/div>\n\t\t\t\t<div class=\"elementor-column elementor-col-50 elementor-top-column elementor-element elementor-element-99b63d1\" data-id=\"99b63d1\" data-element_type=\"column\" data-e-type=\"column\">\n\t\t\t<div class=\"elementor-widget-wrap elementor-element-populated\">\n\t\t\t\t\t\t<div class=\"elementor-element elementor-element-4f47c37 elementor-invisible elementor-widget elementor-widget-image\" data-id=\"4f47c37\" data-element_type=\"widget\" data-e-type=\"widget\" data-settings=\"{&quot;_animation&quot;:&quot;fadeInRight&quot;}\" data-widget_type=\"image.default\">\n\t\t\t\t<div class=\"elementor-widget-container\">\n\t\t\t\t\t\t\t\t\t\t\t\t\t\t\t<img fetchpriority=\"high\" decoding=\"async\" width=\"800\" height=\"750\" src=\"https:\/\/amfairway.hu\/wp-content\/uploads\/2021\/02\/szabaszat.jpg\" class=\"attachment-large size-large wp-image-582\" alt=\"\" srcset=\"https:\/\/amfairway.hu\/wp-content\/uploads\/2021\/02\/szabaszat.jpg 800w, https:\/\/amfairway.hu\/wp-content\/uploads\/2021\/02\/szabaszat-300x281.jpg 300w, https:\/\/amfairway.hu\/wp-content\/uploads\/2021\/02\/szabaszat-768x720.jpg 768w\" sizes=\"(max-width: 800px) 100vw, 800px\" \/>\t\t\t\t\t\t\t\t\t\t\t\t\t\t\t<\/div>\n\t\t\t\t<\/div>\n\t\t\t\t\t<\/div>\n\t\t<\/div>\n\t\t\t\t\t<\/div>\n\t\t<\/section>\n\t\t\t\t<section class=\"elementor-section elementor-top-section elementor-element elementor-element-1945700 elementor-section-boxed elementor-section-height-default elementor-section-height-default\" data-id=\"1945700\" data-element_type=\"section\" data-e-type=\"section\">\n\t\t\t\t\t\t<div class=\"elementor-container elementor-column-gap-default\">\n\t\t\t\t\t<div class=\"elementor-column elementor-col-100 elementor-top-column elementor-element elementor-element-683d99c\" data-id=\"683d99c\" data-element_type=\"column\" data-e-type=\"column\">\n\t\t\t<div class=\"elementor-widget-wrap elementor-element-populated\">\n\t\t\t\t\t\t<div class=\"elementor-element elementor-element-2bb45ab elementor-invisible elementor-widget elementor-widget-text-editor\" data-id=\"2bb45ab\" data-element_type=\"widget\" data-e-type=\"widget\" data-settings=\"{&quot;_animation&quot;:&quot;fadeInLeft&quot;}\" data-widget_type=\"text-editor.default\">\n\t\t\t\t<div class=\"elementor-widget-container\">\n\t\t\t\t\t\t\t\t\t<p><p align=\"justify\">Cutting is performed using variable-speed band knives, adapted to the specific fabric type. Our modern band and straight knife machines deliver high-precision cuts, with or without fusing, according to client requirements. Fusing is carried out using a digitally controlled continuous heat press, and always preceded by bonding strength tests to ensure optimal adhesion.<\/p><\/p><p class=\"translation-block\"><p align=\"justify\">Each cut component is labeled with a serial number to avoid shade variation issues during assembly. Once cut, the pieces are bundled by size and boxed, with additional serial numbering upon request.<\/p><\/p><p class=\"translation-block\"><p align=\"justify\">After cutting, we generate a detailed material usage report using data from our CAD system, providing transparency and efficiency throughout the production process.<\/p><\/p><p class=\"translation-block\"><p align=\"justify\">We also offer contract cutting services, based on either client-supplied or in-house developed patterns. Thanks to our large cutting tables and highly optimized marker layouts, we deliver outstanding fabric yield and cost-efficiency.<\/p><\/p>\t\t\t\t\t\t\t\t<\/div>\n\t\t\t\t<\/div>\n\t\t\t\t<div class=\"elementor-element elementor-element-879801b elementor-invisible elementor-widget elementor-widget-button\" data-id=\"879801b\" data-element_type=\"widget\" data-e-type=\"widget\" data-settings=\"{&quot;_animation&quot;:&quot;fadeInLeft&quot;}\" data-widget_type=\"button.default\">\n\t\t\t\t<div class=\"elementor-widget-container\">\n\t\t\t\t\t\t\t\t\t<div class=\"elementor-button-wrapper\">\n\t\t\t\t\t<a class=\"elementor-button elementor-button-link elementor-size-sm\" href=\"https:\/\/amfairway.hu\/en\/\">\n\t\t\t\t\t\t<span class=\"elementor-button-content-wrapper\">\n\t\t\t\t\t\t<span class=\"elementor-button-icon\">\n\t\t\t\t<i aria-hidden=\"true\" class=\"far fa-arrow-alt-circle-left\"><\/i>\t\t\t<\/span>\n\t\t\t\t\t\t\t\t\t<span class=\"elementor-button-text\">Back<\/span>\n\t\t\t\t\t<\/span>\n\t\t\t\t\t<\/a>\n\t\t\t\t<\/div>\n\t\t\t\t\t\t\t\t<\/div>\n\t\t\t\t<\/div>\n\t\t\t\t\t<\/div>\n\t\t<\/div>\n\t\t\t\t\t<\/div>\n\t\t<\/section>\n\t\t\t\t<\/div>","protected":false},"excerpt":{"rendered":"<p>Szab\u00e1szat Szab\u00e1szatunkon a k\u00e9sz, vagy az \u00e1ltalunk CAD technol\u00f3gi\u00e1val elk\u00e9sz\u00edtett, szab\u00e1sminta alapj\u00e1n megrajzolt ter\u00edt\u00e9krajz felhelyez\u00e9s\u00e9vel t\u00f6reksz\u00fcnk a lehet\u0151 legoptim\u00e1lisabb alapanyagh\u00e1nyad el\u00e9r\u00e9s\u00e9re. K\u00fcl\u00f6n odafigyel\u00fcnk a hozott anyag sz\u00e1lir\u00e1ny\u00e1ra (ny\u00fal\u00e1s ir\u00e1ny\u00e1ra). Minden be\u00e9rkez\u0151 anyagot tesztel\u00fcnk a ragaszt\u00e1s \u00e9s vasal\u00e1s sor\u00e1n bek\u00f6vetkez\u0151 \u00f6sszemen\u00e9s, vagy ny\u00fal\u00e1s szempontj\u00e1b\u00f3l, \u00e9s ezeket az \u00e9rt\u00e9keket figyelembe vessz\u00fck a ter\u00edt\u00e9krajzok elk\u00e9sz\u00edt\u00e9s\u00e9n\u00e9l, hogy a megrendel\u0151 &#8230; <a title=\"Cutting Department\" class=\"read-more\" href=\"https:\/\/amfairway.hu\/en\/szabaszat\/\" aria-label=\"Read more about Szab\u00e1szat\">Read more<\/a><\/p>","protected":false},"author":4,"featured_media":0,"parent":0,"menu_order":0,"comment_status":"closed","ping_status":"closed","template":"elementor_header_footer","meta":{"footnotes":""},"class_list":["post-450","page","type-page","status-publish"],"_links":{"self":[{"href":"https:\/\/amfairway.hu\/en\/wp-json\/wp\/v2\/pages\/450","targetHints":{"allow":["GET"]}}],"collection":[{"href":"https:\/\/amfairway.hu\/en\/wp-json\/wp\/v2\/pages"}],"about":[{"href":"https:\/\/amfairway.hu\/en\/wp-json\/wp\/v2\/types\/page"}],"author":[{"embeddable":true,"href":"https:\/\/amfairway.hu\/en\/wp-json\/wp\/v2\/users\/4"}],"replies":[{"embeddable":true,"href":"https:\/\/amfairway.hu\/en\/wp-json\/wp\/v2\/comments?post=450"}],"version-history":[{"count":21,"href":"https:\/\/amfairway.hu\/en\/wp-json\/wp\/v2\/pages\/450\/revisions"}],"predecessor-version":[{"id":594,"href":"https:\/\/amfairway.hu\/en\/wp-json\/wp\/v2\/pages\/450\/revisions\/594"}],"wp:attachment":[{"href":"https:\/\/amfairway.hu\/en\/wp-json\/wp\/v2\/media?parent=450"}],"curies":[{"name":"wp","href":"https:\/\/api.w.org\/{rel}","templated":true}]}}
