


{"id":460,"date":"2021-02-03T19:00:51","date_gmt":"2021-02-03T18:00:51","guid":{"rendered":"https:\/\/amfairway.hu\/?page_id=460"},"modified":"2021-02-18T14:15:14","modified_gmt":"2021-02-18T13:15:14","slug":"varroda","status":"publish","type":"page","link":"https:\/\/amfairway.hu\/en\/varroda\/","title":{"rendered":"Sewing Garment manufacturing facility"},"content":{"rendered":"<div data-elementor-type=\"wp-page\" data-elementor-id=\"460\" class=\"elementor elementor-460\" data-elementor-post-type=\"page\">\n\t\t\t\t\t\t<section class=\"elementor-section elementor-top-section elementor-element elementor-element-ccbc638 elementor-section-boxed elementor-section-height-default elementor-section-height-default\" data-id=\"ccbc638\" data-element_type=\"section\" data-e-type=\"section\">\n\t\t\t\t\t\t<div class=\"elementor-container elementor-column-gap-default\">\n\t\t\t\t\t<div class=\"elementor-column elementor-col-100 elementor-top-column elementor-element elementor-element-12aa124\" data-id=\"12aa124\" data-element_type=\"column\" data-e-type=\"column\">\n\t\t\t<div class=\"elementor-widget-wrap elementor-element-populated\">\n\t\t\t\t\t\t<div class=\"elementor-element elementor-element-9972f68 elementor-invisible elementor-widget elementor-widget-heading\" data-id=\"9972f68\" data-element_type=\"widget\" data-e-type=\"widget\" data-settings=\"{&quot;_animation&quot;:&quot;fadeIn&quot;}\" data-widget_type=\"heading.default\">\n\t\t\t\t<div class=\"elementor-widget-container\">\n\t\t\t\t\t<h2 class=\"elementor-heading-title elementor-size-default\">Sewing Garment manufacturing facility<\/h2>\t\t\t\t<\/div>\n\t\t\t\t<\/div>\n\t\t\t\t<div class=\"elementor-element elementor-element-55bc3db elementor-widget-divider--view-line_icon elementor-view-default elementor-widget-divider--element-align-center elementor-widget elementor-widget-divider\" data-id=\"55bc3db\" data-element_type=\"widget\" data-e-type=\"widget\" data-widget_type=\"divider.default\">\n\t\t\t\t<div class=\"elementor-widget-container\">\n\t\t\t\t\t\t\t<div class=\"elementor-divider\">\n\t\t\t<span class=\"elementor-divider-separator\">\n\t\t\t\t\t\t\t<div class=\"elementor-icon elementor-divider__element\">\n\t\t\t\t\t<i aria-hidden=\"true\" class=\"fas fa-caret-down\"><\/i><\/div>\n\t\t\t\t\t\t<\/span>\n\t\t<\/div>\n\t\t\t\t\t\t<\/div>\n\t\t\t\t<\/div>\n\t\t\t\t\t<\/div>\n\t\t<\/div>\n\t\t\t\t\t<\/div>\n\t\t<\/section>\n\t\t\t\t<section class=\"elementor-section elementor-top-section elementor-element elementor-element-4347cdb elementor-reverse-tablet elementor-reverse-mobile elementor-section-boxed elementor-section-height-default elementor-section-height-default\" data-id=\"4347cdb\" data-element_type=\"section\" data-e-type=\"section\" data-settings=\"{&quot;background_background&quot;:&quot;classic&quot;}\">\n\t\t\t\t\t\t<div class=\"elementor-container elementor-column-gap-default\">\n\t\t\t\t\t<div class=\"elementor-column elementor-col-50 elementor-top-column elementor-element elementor-element-36bacd7\" data-id=\"36bacd7\" data-element_type=\"column\" data-e-type=\"column\">\n\t\t\t<div class=\"elementor-widget-wrap elementor-element-populated\">\n\t\t\t\t\t\t<div class=\"elementor-element elementor-element-d01c554 elementor-invisible elementor-widget elementor-widget-text-editor\" data-id=\"d01c554\" data-element_type=\"widget\" data-e-type=\"widget\" data-settings=\"{&quot;_animation&quot;:&quot;fadeInLeft&quot;}\" data-widget_type=\"text-editor.default\">\n\t\t\t\t<div class=\"elementor-widget-container translation-block\"><b>Expert garment manufacturing with precision and advanced technology<\/b><br><br>\n<p align=\"justify\">Our sewing garment manufacturing facility is staffed by highly trained professionals with decades of experience in producing high-quality men\u2019s and women\u2019s garments\u2014ranging from custom prototypes to small-batch and full-scale production.<\/p>\n<p align=\"justify\">Thanks to our versatile machinery, we can manufacture a wide range of garments, including t-shirts, women\u2019s blouses, men\u2019s shirts, trousers, skirts, blazers, jackets, and even heavier coats for both men and women. Our production also includes coordinating and complementary pieces.<\/p>\n<p align=\"justify\">Our equipment is primarily built on high-speed <b>Juki sewing machines<\/b> and we are also equipped with:<\/p><\/div>\n\t\t\t\t<\/div>\n\t\t\t\t<div class=\"elementor-element elementor-element-fb8d735 elementor-icon-list--layout-traditional elementor-list-item-link-full_width elementor-invisible elementor-widget elementor-widget-icon-list\" data-id=\"fb8d735\" data-element_type=\"widget\" data-e-type=\"widget\" data-settings=\"{&quot;_animation&quot;:&quot;fadeInLeft&quot;}\" data-widget_type=\"icon-list.default\">\n\t\t\t\t<div class=\"elementor-widget-container\">\n\t\t\t\t\t\t\t<ul class=\"elementor-icon-list-items\">\n\t\t\t\t\t\t\t<li class=\"elementor-icon-list-item\">\n\t\t\t\t\t\t\t\t\t\t\t<span class=\"elementor-icon-list-icon\">\n\t\t\t\t\t\t\t<i aria-hidden=\"true\" class=\"fas fa-chevron-circle-right\"><\/i>\t\t\t\t\t\t<\/span>\n\t\t\t\t\t\t\t\t\t\t<span class=\"elementor-icon-list-text\"><b>D\u00fcrkopp<\/b> pocket and buttonhole automation<\/span>\n\t\t\t\t\t\t\t\t\t<\/li>\n\t\t\t\t\t\t\t\t<li class=\"elementor-icon-list-item\">\n\t\t\t\t\t\t\t\t\t\t\t<span class=\"elementor-icon-list-icon\">\n\t\t\t\t\t\t\t<i aria-hidden=\"true\" class=\"fas fa-chevron-circle-right\"><\/i>\t\t\t\t\t\t<\/span>\n\t\t\t\t\t\t\t\t\t\t<span class=\"elementor-icon-list-text\"><b>Juki<\/b> 4-thread and coverstitch machines (top &amp; bottom)<\/span>\n\t\t\t\t\t\t\t\t\t<\/li>\n\t\t\t\t\t\t\t\t<li class=\"elementor-icon-list-item\">\n\t\t\t\t\t\t\t\t\t\t\t<span class=\"elementor-icon-list-icon\">\n\t\t\t\t\t\t\t<i aria-hidden=\"true\" class=\"fas fa-chevron-circle-right\"><\/i>\t\t\t\t\t\t<\/span>\n\t\t\t\t\t\t\t\t\t\t<span class=\"elementor-icon-list-text\"><b>Micro zigzag machine<\/b><\/span>\n\t\t\t\t\t\t\t\t\t<\/li>\n\t\t\t\t\t\t\t\t<li class=\"elementor-icon-list-item\">\n\t\t\t\t\t\t\t\t\t\t\t<span class=\"elementor-icon-list-icon\">\n\t\t\t\t\t\t\t<i aria-hidden=\"true\" class=\"fas fa-chevron-circle-right\"><\/i>\t\t\t\t\t\t<\/span>\n\t\t\t\t\t\t\t\t\t\t<span class=\"elementor-icon-list-text\"><b>Pfaff lockstitch and D lockstitch machines<\/b><\/span>\n\t\t\t\t\t\t\t\t\t<\/li>\n\t\t\t\t\t\t\t\t<li class=\"elementor-icon-list-item\">\n\t\t\t\t\t\t\t\t\t\t\t<span class=\"elementor-icon-list-icon\">\n\t\t\t\t\t\t\t<i aria-hidden=\"true\" class=\"fas fa-chevron-circle-right\"><\/i>\t\t\t\t\t\t<\/span>\n\t\t\t\t\t\t\t\t\t\t<span class=\"elementor-icon-list-text\"><b>Strobel blind stitch machine<\/b><\/span>\n\t\t\t\t\t\t\t\t\t<\/li>\n\t\t\t\t\t\t\t\t<li class=\"elementor-icon-list-item\">\n\t\t\t\t\t\t\t\t\t\t\t<span class=\"elementor-icon-list-icon\">\n\t\t\t\t\t\t\t<i aria-hidden=\"true\" class=\"fas fa-chevron-circle-right\"><\/i>\t\t\t\t\t\t<\/span>\n\t\t\t\t\t\t\t\t\t\t<span class=\"elementor-icon-list-text\"><b>Intermediate pressing equipment<\/b><\/span>\n\t\t\t\t\t\t\t\t\t<\/li>\n\t\t\t\t\t\t<\/ul>\n\t\t\t\t\t\t<\/div>\n\t\t\t\t<\/div>\n\t\t\t\t\t<\/div>\n\t\t<\/div>\n\t\t\t\t<div class=\"elementor-column elementor-col-50 elementor-top-column elementor-element elementor-element-f1de502\" data-id=\"f1de502\" data-element_type=\"column\" data-e-type=\"column\">\n\t\t\t<div class=\"elementor-widget-wrap elementor-element-populated\">\n\t\t\t\t\t\t<div class=\"elementor-element elementor-element-f67025a elementor-invisible elementor-widget elementor-widget-image\" data-id=\"f67025a\" data-element_type=\"widget\" data-e-type=\"widget\" data-settings=\"{&quot;_animation&quot;:&quot;fadeInRight&quot;}\" data-widget_type=\"image.default\">\n\t\t\t\t<div class=\"elementor-widget-container\">\n\t\t\t\t\t\t\t\t\t\t\t\t\t\t\t<img fetchpriority=\"high\" decoding=\"async\" width=\"800\" height=\"750\" src=\"https:\/\/amfairway.hu\/wp-content\/uploads\/2021\/02\/varroda.jpg\" class=\"attachment-large size-large wp-image-596\" alt=\"\" srcset=\"https:\/\/amfairway.hu\/wp-content\/uploads\/2021\/02\/varroda.jpg 800w, https:\/\/amfairway.hu\/wp-content\/uploads\/2021\/02\/varroda-300x281.jpg 300w, https:\/\/amfairway.hu\/wp-content\/uploads\/2021\/02\/varroda-768x720.jpg 768w\" sizes=\"(max-width: 800px) 100vw, 800px\" \/>\t\t\t\t\t\t\t\t\t\t\t\t\t\t\t<\/div>\n\t\t\t\t<\/div>\n\t\t\t\t\t<\/div>\n\t\t<\/div>\n\t\t\t\t\t<\/div>\n\t\t<\/section>\n\t\t\t\t<section class=\"elementor-section elementor-top-section elementor-element elementor-element-3d77677 elementor-section-boxed elementor-section-height-default elementor-section-height-default\" data-id=\"3d77677\" data-element_type=\"section\" data-e-type=\"section\">\n\t\t\t\t\t\t<div class=\"elementor-container elementor-column-gap-default\">\n\t\t\t\t\t<div class=\"elementor-column elementor-col-100 elementor-top-column elementor-element elementor-element-75f6493\" data-id=\"75f6493\" data-element_type=\"column\" data-e-type=\"column\">\n\t\t\t<div class=\"elementor-widget-wrap elementor-element-populated\">\n\t\t\t\t\t\t<div class=\"elementor-element elementor-element-cb3f0b0 elementor-invisible elementor-widget elementor-widget-text-editor\" data-id=\"cb3f0b0\" data-element_type=\"widget\" data-e-type=\"widget\" data-settings=\"{&quot;_animation&quot;:&quot;fadeInLeft&quot;}\" data-widget_type=\"text-editor.default\">\n\t\t\t\t<div class=\"elementor-widget-container\">\n\t\t\t\t\t\t\t\t\t<p class=\"translation-block\">We offer decorative stitching with 11, 30, or 50-weight threads, as well as AMF and Columbia stitching for tailored pieces like blazers, jackets, and coats. For buttons, we use <b>Ascolite thermal thread<\/b> for secure, durable attachment.<\/p><p>Need snap fasteners, eyelets, or hand-sewn buttonholes? We\u2019ve got you covered\u2014flexibility is part of our service.<\/p><p class=\"translation-block\"><p align=\"justify\">Production is carried out with continuous in-line quality control, and each finished garment is\nsubject to a 100% final inspection prior to delivery. When required by the fabric type, we also\nconduct intermediate size checks during production based on size charts.<\/p><\/p><p class=\"translation-block\"><p align=\"justify\">Our <b>pressing room<\/b> is equipped with specialized irons and pressing machines tailored to every garment component, ensuring a flawless final presentation that is wrinkle-free and perfectly finished.<\/p><\/p><p class=\"translation-block\"><p align=\"justify\">As a <b>contract manufacturer<\/b>, we offer both light garment production (e.g. blouses, shirts, t-shirts) and heavy tailoring (e.g. suits, coats, tailored jackets), including specialty items such as <b>tailcoats and tuxedos<\/b>.<\/p><\/p><p><p align=\"justify\">Our extensive model range is supported by cutting-edge machinery and a passionate, highly skilled team\u2014delivering consistent quality across all product types.<\/p><\/p>\t\t\t\t\t\t\t\t<\/div>\n\t\t\t\t<\/div>\n\t\t\t\t<div class=\"elementor-element elementor-element-cb0140e elementor-invisible elementor-widget elementor-widget-button\" data-id=\"cb0140e\" data-element_type=\"widget\" data-e-type=\"widget\" data-settings=\"{&quot;_animation&quot;:&quot;fadeInLeft&quot;}\" data-widget_type=\"button.default\">\n\t\t\t\t<div class=\"elementor-widget-container\">\n\t\t\t\t\t\t\t\t\t<div class=\"elementor-button-wrapper\">\n\t\t\t\t\t<a class=\"elementor-button elementor-button-link elementor-size-sm\" href=\"https:\/\/amfairway.hu\/en\/\">\n\t\t\t\t\t\t<span class=\"elementor-button-content-wrapper\">\n\t\t\t\t\t\t<span class=\"elementor-button-icon\">\n\t\t\t\t<i aria-hidden=\"true\" class=\"far fa-arrow-alt-circle-left\"><\/i>\t\t\t<\/span>\n\t\t\t\t\t\t\t\t\t<span class=\"elementor-button-text\">Back<\/span>\n\t\t\t\t\t<\/span>\n\t\t\t\t\t<\/a>\n\t\t\t\t<\/div>\n\t\t\t\t\t\t\t\t<\/div>\n\t\t\t\t<\/div>\n\t\t\t\t\t<\/div>\n\t\t<\/div>\n\t\t\t\t\t<\/div>\n\t\t<\/section>\n\t\t\t\t<\/div>","protected":false},"excerpt":{"rendered":"<p>Varroda Munkat\u00e1rsaink komoly szakmai tapasztalattal \u00e9s m\u00falttal rendelkeznek ig\u00e9nyes, min\u0151s\u00e9gi n\u0151i \u00e9s f\u00e9rfi term\u00e9kek szalagszer\u0171 \u00e9s egyedi gy\u00e1rt\u00e1s\u00e1ban, bele\u00e9rtve a mintagy\u00e1rt\u00e1st is. A rendelkez\u00e9sre \u00e1ll\u00f3 g\u00e9ppark lehet\u0151v\u00e9 teszi p\u00f3l\u00f3k, n\u0151i bl\u00fazok, f\u00e9rfi ingek gy\u00e1rt\u00e1s\u00e1t\u00f3l kezdve bl\u00e9zerek, zak\u00f3k, f\u00e9rfi \u00e9s n\u0151i nadr\u00e1gok, szoknya, \u00e9s ak\u00e1r nehezebb f\u00e9rfi \u00e9s n\u0151i kab\u00e1tok kivitelez\u00e9s\u00e9t is, a teljes term\u00e9k palett\u00e1t &#8230; <a title=\"Sewing Garment manufacturing facility\" class=\"read-more\" href=\"https:\/\/amfairway.hu\/en\/varroda\/\" aria-label=\"Read more about Varroda\">Read more<\/a><\/p>","protected":false},"author":4,"featured_media":0,"parent":0,"menu_order":0,"comment_status":"closed","ping_status":"closed","template":"elementor_header_footer","meta":{"footnotes":""},"class_list":["post-460","page","type-page","status-publish"],"_links":{"self":[{"href":"https:\/\/amfairway.hu\/en\/wp-json\/wp\/v2\/pages\/460","targetHints":{"allow":["GET"]}}],"collection":[{"href":"https:\/\/amfairway.hu\/en\/wp-json\/wp\/v2\/pages"}],"about":[{"href":"https:\/\/amfairway.hu\/en\/wp-json\/wp\/v2\/types\/page"}],"author":[{"embeddable":true,"href":"https:\/\/amfairway.hu\/en\/wp-json\/wp\/v2\/users\/4"}],"replies":[{"embeddable":true,"href":"https:\/\/amfairway.hu\/en\/wp-json\/wp\/v2\/comments?post=460"}],"version-history":[{"count":14,"href":"https:\/\/amfairway.hu\/en\/wp-json\/wp\/v2\/pages\/460\/revisions"}],"predecessor-version":[{"id":603,"href":"https:\/\/amfairway.hu\/en\/wp-json\/wp\/v2\/pages\/460\/revisions\/603"}],"wp:attachment":[{"href":"https:\/\/amfairway.hu\/en\/wp-json\/wp\/v2\/media?parent=460"}],"curies":[{"name":"wp","href":"https:\/\/api.w.org\/{rel}","templated":true}]}}
