


{"id":549,"date":"2021-02-18T12:11:26","date_gmt":"2021-02-18T11:11:26","guid":{"rendered":"https:\/\/amfairway.hu\/?page_id=549"},"modified":"2021-02-18T12:19:02","modified_gmt":"2021-02-18T11:19:02","slug":"alapanyagbeszerzes","status":"publish","type":"page","link":"https:\/\/amfairway.hu\/en\/alapanyagbeszerzes\/","title":{"rendered":"Raw Material Procurement"},"content":{"rendered":"<div data-elementor-type=\"wp-page\" data-elementor-id=\"549\" class=\"elementor elementor-549\" data-elementor-post-type=\"page\">\n\t\t\t\t\t\t<section class=\"elementor-section elementor-top-section elementor-element elementor-element-d2e854f elementor-section-boxed elementor-section-height-default elementor-section-height-default\" data-id=\"d2e854f\" data-element_type=\"section\" data-e-type=\"section\">\n\t\t\t\t\t\t<div class=\"elementor-container elementor-column-gap-default\">\n\t\t\t\t\t<div class=\"elementor-column elementor-col-100 elementor-top-column elementor-element elementor-element-cc4b3ac\" data-id=\"cc4b3ac\" data-element_type=\"column\" data-e-type=\"column\">\n\t\t\t<div class=\"elementor-widget-wrap elementor-element-populated\">\n\t\t\t\t\t\t<div class=\"elementor-element elementor-element-ac7c876 elementor-invisible elementor-widget elementor-widget-heading\" data-id=\"ac7c876\" data-element_type=\"widget\" data-e-type=\"widget\" data-settings=\"{&quot;_animation&quot;:&quot;fadeIn&quot;}\" data-widget_type=\"heading.default\">\n\t\t\t\t<div class=\"elementor-widget-container\">\n\t\t\t\t\t<h2 class=\"elementor-heading-title elementor-size-default\">Raw Material Procurement<\/h2>\t\t\t\t<\/div>\n\t\t\t\t<\/div>\n\t\t\t\t<div class=\"elementor-element elementor-element-872b27c elementor-widget-divider--view-line_icon elementor-view-default elementor-widget-divider--element-align-center elementor-widget elementor-widget-divider\" data-id=\"872b27c\" data-element_type=\"widget\" data-e-type=\"widget\" data-widget_type=\"divider.default\">\n\t\t\t\t<div class=\"elementor-widget-container\">\n\t\t\t\t\t\t\t<div class=\"elementor-divider\">\n\t\t\t<span class=\"elementor-divider-separator\">\n\t\t\t\t\t\t\t<div class=\"elementor-icon elementor-divider__element\">\n\t\t\t\t\t<i aria-hidden=\"true\" class=\"fas fa-caret-down\"><\/i><\/div>\n\t\t\t\t\t\t<\/span>\n\t\t<\/div>\n\t\t\t\t\t\t<\/div>\n\t\t\t\t<\/div>\n\t\t\t\t\t<\/div>\n\t\t<\/div>\n\t\t\t\t\t<\/div>\n\t\t<\/section>\n\t\t\t\t<section class=\"elementor-section elementor-top-section elementor-element elementor-element-0b5a569 elementor-reverse-tablet elementor-reverse-mobile elementor-section-boxed elementor-section-height-default elementor-section-height-default\" data-id=\"0b5a569\" data-element_type=\"section\" data-e-type=\"section\" data-settings=\"{&quot;background_background&quot;:&quot;classic&quot;}\">\n\t\t\t\t\t\t<div class=\"elementor-container elementor-column-gap-default\">\n\t\t\t\t\t<div class=\"elementor-column elementor-col-50 elementor-top-column elementor-element elementor-element-3671abf\" data-id=\"3671abf\" data-element_type=\"column\" data-e-type=\"column\">\n\t\t\t<div class=\"elementor-widget-wrap elementor-element-populated\">\n\t\t\t\t\t\t<div class=\"elementor-element elementor-element-3b30a20 elementor-invisible elementor-widget elementor-widget-text-editor\" data-id=\"3b30a20\" data-element_type=\"widget\" data-e-type=\"widget\" data-settings=\"{&quot;_animation&quot;:&quot;fadeInLeft&quot;}\" data-widget_type=\"text-editor.default\">\n\t\t\t\t<div class=\"elementor-widget-container\">\n\t\t\t\t\t\t\t\t\t<p class=\"translation-block\"><strong>Premium Materials from Trusted Global Partners<\/strong><\/p><p class=\"translation-block\"><p>Thanks to our extensive international supplier network and large inventory, we can source top-quality fabrics for any type of garment\u2014from sophisticated eveningwear to durable uniforms.<\/p><\/p><p class=\"translation-block\"><p align=\"justify\">Your wide selection includes eco-conscious BIO and recycled fabrics, as well as high-tech textiles such as silver ion-infused, non-iron, and nanotechnology-enhanced materials.<\/p><\/p><p class=\"translation-block\"><p align=\"justify\">Most of our materials carry OEKO-TEX certification, and in many cases, we develop custom fabrics tailored to specific client needs\u2014ensuring that each product meets both functional and aesthetic standards.<\/p><\/p>\t\t\t\t\t\t\t\t<\/div>\n\t\t\t\t<\/div>\n\t\t\t\t<div class=\"elementor-element elementor-element-f24c01f elementor-invisible elementor-widget elementor-widget-button\" data-id=\"f24c01f\" data-element_type=\"widget\" data-e-type=\"widget\" data-settings=\"{&quot;_animation&quot;:&quot;fadeInLeft&quot;}\" data-widget_type=\"button.default\">\n\t\t\t\t<div class=\"elementor-widget-container\">\n\t\t\t\t\t\t\t\t\t<div class=\"elementor-button-wrapper\">\n\t\t\t\t\t<a class=\"elementor-button elementor-button-link elementor-size-sm\" href=\"https:\/\/amfairway.hu\/en\/\">\n\t\t\t\t\t\t<span class=\"elementor-button-content-wrapper\">\n\t\t\t\t\t\t<span class=\"elementor-button-icon\">\n\t\t\t\t<i aria-hidden=\"true\" class=\"far fa-arrow-alt-circle-left\"><\/i>\t\t\t<\/span>\n\t\t\t\t\t\t\t\t\t<span class=\"elementor-button-text\">Back<\/span>\n\t\t\t\t\t<\/span>\n\t\t\t\t\t<\/a>\n\t\t\t\t<\/div>\n\t\t\t\t\t\t\t\t<\/div>\n\t\t\t\t<\/div>\n\t\t\t\t\t<\/div>\n\t\t<\/div>\n\t\t\t\t<div class=\"elementor-column elementor-col-50 elementor-top-column elementor-element elementor-element-dddb142\" data-id=\"dddb142\" data-element_type=\"column\" data-e-type=\"column\">\n\t\t\t<div class=\"elementor-widget-wrap elementor-element-populated\">\n\t\t\t\t\t\t<div class=\"elementor-element elementor-element-f38db7b elementor-invisible elementor-widget elementor-widget-image\" data-id=\"f38db7b\" data-element_type=\"widget\" data-e-type=\"widget\" data-settings=\"{&quot;_animation&quot;:&quot;fadeInRight&quot;}\" data-widget_type=\"image.default\">\n\t\t\t\t<div class=\"elementor-widget-container\">\n\t\t\t\t\t\t\t\t\t\t\t\t\t\t\t<img fetchpriority=\"high\" decoding=\"async\" width=\"800\" height=\"750\" src=\"https:\/\/amfairway.hu\/wp-content\/uploads\/2021\/02\/Alapanyagbeszerzes.jpg\" class=\"attachment-large size-large wp-image-552\" alt=\"\" srcset=\"https:\/\/amfairway.hu\/wp-content\/uploads\/2021\/02\/Alapanyagbeszerzes.jpg 800w, https:\/\/amfairway.hu\/wp-content\/uploads\/2021\/02\/Alapanyagbeszerzes-300x281.jpg 300w, https:\/\/amfairway.hu\/wp-content\/uploads\/2021\/02\/Alapanyagbeszerzes-768x720.jpg 768w\" sizes=\"(max-width: 800px) 100vw, 800px\" \/>\t\t\t\t\t\t\t\t\t\t\t\t\t\t\t<\/div>\n\t\t\t\t<\/div>\n\t\t\t\t\t<\/div>\n\t\t<\/div>\n\t\t\t\t\t<\/div>\n\t\t<\/section>\n\t\t\t\t<\/div>","protected":false},"excerpt":{"rendered":"<p>Alapanyagbeszerz\u00e9s C\u00e9g\u00fcnk t\u00f6bb k\u00fclf\u00f6ldi besz\u00e1ll\u00edt\u00f3val \u00e9s textilgy\u00e1rral \u00e1ll kapcsolatban, jelent\u0151s alapanyagk\u00e9szlettel rendelkez\u00fcnk. A legkiv\u00e1l\u00f3bb textil anyagokat tudjuk biztos\u00edtani valamennyi gy\u00e1rt\u00e1sunkhoz a formaruh\u00e1kt\u00f3l az est\u00e9lyi ruh\u00e1kig. Sz\u00e9les anyag \u00e9s sz\u00ednpalett\u00e1nkon megtal\u00e1lhat\u00f3k a k\u00fcl\u00f6nf\u00e9le BIO \u00e9s \u00fajrahasznos\u00edtott alapanyagok, az esz\u00fcstionos, non-iron \u00e9s nanotechnol\u00f3gi\u00e1s textilek is. Legt\u00f6bb alapanyagunk OEKO TEX tan\u00fas\u00edtv\u00e1nnyal rendelkezik. T\u00f6bb helyen saj\u00e1t fejleszt\u00e9s\u0171 alapanyagot is &#8230; <a title=\"Raw Material Procurement\" class=\"read-more\" href=\"https:\/\/amfairway.hu\/en\/alapanyagbeszerzes\/\" aria-label=\"Read more about Alapanyagbeszerz\u00e9s\">Read more<\/a><\/p>","protected":false},"author":4,"featured_media":0,"parent":0,"menu_order":0,"comment_status":"closed","ping_status":"closed","template":"elementor_header_footer","meta":{"footnotes":""},"class_list":["post-549","page","type-page","status-publish"],"_links":{"self":[{"href":"https:\/\/amfairway.hu\/en\/wp-json\/wp\/v2\/pages\/549","targetHints":{"allow":["GET"]}}],"collection":[{"href":"https:\/\/amfairway.hu\/en\/wp-json\/wp\/v2\/pages"}],"about":[{"href":"https:\/\/amfairway.hu\/en\/wp-json\/wp\/v2\/types\/page"}],"author":[{"embeddable":true,"href":"https:\/\/amfairway.hu\/en\/wp-json\/wp\/v2\/users\/4"}],"replies":[{"embeddable":true,"href":"https:\/\/amfairway.hu\/en\/wp-json\/wp\/v2\/comments?post=549"}],"version-history":[{"count":4,"href":"https:\/\/amfairway.hu\/en\/wp-json\/wp\/v2\/pages\/549\/revisions"}],"predecessor-version":[{"id":555,"href":"https:\/\/amfairway.hu\/en\/wp-json\/wp\/v2\/pages\/549\/revisions\/555"}],"wp:attachment":[{"href":"https:\/\/amfairway.hu\/en\/wp-json\/wp\/v2\/media?parent=549"}],"curies":[{"name":"wp","href":"https:\/\/api.w.org\/{rel}","templated":true}]}}