


{"id":556,"date":"2021-02-18T13:17:35","date_gmt":"2021-02-18T12:17:35","guid":{"rendered":"https:\/\/amfairway.hu\/?page_id=556"},"modified":"2021-02-22T09:37:56","modified_gmt":"2021-02-22T08:37:56","slug":"modellezes-szabasminta-szerkesztes-szeriazas-mtm-teritekrajzok-keszitese","status":"publish","type":"page","link":"https:\/\/amfairway.hu\/en\/modellezes-szabasminta-szerkesztes-szeriazas-mtm-teritekrajzok-keszitese\/","title":{"rendered":"Modellez\u00e9s, Szab\u00e1sminta szerkeszt\u00e9s, sz\u00e9ri\u00e1z\u00e1s, MTM, ter\u00edt\u00e9krajzok k\u00e9sz\u00edt\u00e9se"},"content":{"rendered":"<div data-elementor-type=\"wp-page\" data-elementor-id=\"556\" class=\"elementor elementor-556\" data-elementor-post-type=\"page\">\n\t\t\t\t\t\t<section class=\"elementor-section elementor-top-section elementor-element elementor-element-5451913 elementor-section-boxed elementor-section-height-default elementor-section-height-default\" data-id=\"5451913\" data-element_type=\"section\" data-e-type=\"section\">\n\t\t\t\t\t\t<div class=\"elementor-container elementor-column-gap-default\">\n\t\t\t\t\t<div class=\"elementor-column elementor-col-100 elementor-top-column elementor-element elementor-element-2ddab16\" data-id=\"2ddab16\" data-element_type=\"column\" data-e-type=\"column\">\n\t\t\t<div class=\"elementor-widget-wrap elementor-element-populated\">\n\t\t\t\t\t\t<div class=\"elementor-element elementor-element-b8c10f8 elementor-invisible elementor-widget elementor-widget-heading\" data-id=\"b8c10f8\" data-element_type=\"widget\" data-e-type=\"widget\" data-settings=\"{&quot;_animation&quot;:&quot;fadeIn&quot;}\" data-widget_type=\"heading.default\">\n\t\t\t\t<div class=\"elementor-widget-container\">\n\t\t\t\t\t<h2 class=\"elementor-heading-title elementor-size-default\">Precision pattern making \u2013 the foundation of quality garment manufacturing<\/h2>\t\t\t\t<\/div>\n\t\t\t\t<\/div>\n\t\t\t\t<div class=\"elementor-element elementor-element-7848a1d elementor-widget-divider--view-line_icon elementor-view-default elementor-widget-divider--element-align-center elementor-widget elementor-widget-divider\" data-id=\"7848a1d\" data-element_type=\"widget\" data-e-type=\"widget\" data-widget_type=\"divider.default\">\n\t\t\t\t<div class=\"elementor-widget-container\">\n\t\t\t\t\t\t\t<div class=\"elementor-divider\">\n\t\t\t<span class=\"elementor-divider-separator\">\n\t\t\t\t\t\t\t<div class=\"elementor-icon elementor-divider__element\">\n\t\t\t\t\t<i aria-hidden=\"true\" class=\"fas fa-caret-down\"><\/i><\/div>\n\t\t\t\t\t\t<\/span>\n\t\t<\/div>\n\t\t\t\t\t\t<\/div>\n\t\t\t\t<\/div>\n\t\t\t\t\t<\/div>\n\t\t<\/div>\n\t\t\t\t\t<\/div>\n\t\t<\/section>\n\t\t\t\t<section class=\"elementor-section elementor-top-section elementor-element elementor-element-1ac9988 elementor-reverse-tablet elementor-reverse-mobile elementor-section-boxed elementor-section-height-default elementor-section-height-default\" data-id=\"1ac9988\" data-element_type=\"section\" data-e-type=\"section\" data-settings=\"{&quot;background_background&quot;:&quot;classic&quot;}\">\n\t\t\t\t\t\t<div class=\"elementor-container elementor-column-gap-default\">\n\t\t\t\t\t<div class=\"elementor-column elementor-col-50 elementor-top-column elementor-element elementor-element-0196f02\" data-id=\"0196f02\" data-element_type=\"column\" data-e-type=\"column\">\n\t\t\t<div class=\"elementor-widget-wrap elementor-element-populated\">\n\t\t\t\t\t\t<div class=\"elementor-element elementor-element-bf86714 elementor-invisible elementor-widget elementor-widget-text-editor\" data-id=\"bf86714\" data-element_type=\"widget\" data-e-type=\"widget\" data-settings=\"{&quot;_animation&quot;:&quot;fadeInLeft&quot;}\" data-widget_type=\"text-editor.default\">\n\t\t\t\t<div class=\"elementor-widget-container\">\n\t\t\t\t\t\t\t\t\t<p class=\"translation-block\"><p align=\"justify\">At the heart of every successful production process lies a perfectly crafted pattern and professionally executed preparation phase. Our experienced specialists can create and digitize base patterns based on visual designs, technical sketches, or even an existing sample garment. Once the prototype is approved, we proceed with grading the model as needed.<\/p><\/p><p class=\"translation-block\">We work with a state-of-the-art CAD system that allows us to:<\/p><p class=\"translation-block\"><ul>\n<li>create highly accurate patterns,<\/li>\n<li>optimize fabric usage and production efficiency,<\/li>\n<li>and develop custom-made (MTM \u2013 Made to Measure) garments with ease.<\/li>\n<\/ul><\/p>\t\t\t\t\t\t\t\t<\/div>\n\t\t\t\t<\/div>\n\t\t\t\t\t<\/div>\n\t\t<\/div>\n\t\t\t\t<div class=\"elementor-column elementor-col-50 elementor-top-column elementor-element elementor-element-c44029e\" data-id=\"c44029e\" data-element_type=\"column\" data-e-type=\"column\">\n\t\t\t<div class=\"elementor-widget-wrap elementor-element-populated\">\n\t\t\t\t\t\t<div class=\"elementor-element elementor-element-2e138d2 elementor-invisible elementor-widget elementor-widget-image\" data-id=\"2e138d2\" data-element_type=\"widget\" data-e-type=\"widget\" data-settings=\"{&quot;_animation&quot;:&quot;fadeInRight&quot;}\" data-widget_type=\"image.default\">\n\t\t\t\t<div class=\"elementor-widget-container\">\n\t\t\t\t\t\t\t\t\t\t\t\t\t\t\t<img fetchpriority=\"high\" decoding=\"async\" width=\"800\" height=\"750\" src=\"https:\/\/amfairway.hu\/wp-content\/uploads\/2021\/01\/AM-Fairway_varroda_gyartaselokeszites.jpg\" class=\"attachment-large size-large wp-image-297\" alt=\"\" srcset=\"https:\/\/amfairway.hu\/wp-content\/uploads\/2021\/01\/AM-Fairway_varroda_gyartaselokeszites.jpg 800w, https:\/\/amfairway.hu\/wp-content\/uploads\/2021\/01\/AM-Fairway_varroda_gyartaselokeszites-300x281.jpg 300w, https:\/\/amfairway.hu\/wp-content\/uploads\/2021\/01\/AM-Fairway_varroda_gyartaselokeszites-768x720.jpg 768w\" sizes=\"(max-width: 800px) 100vw, 800px\" \/>\t\t\t\t\t\t\t\t\t\t\t\t\t\t\t<\/div>\n\t\t\t\t<\/div>\n\t\t\t\t\t<\/div>\n\t\t<\/div>\n\t\t\t\t\t<\/div>\n\t\t<\/section>\n\t\t\t\t<section class=\"elementor-section elementor-top-section elementor-element elementor-element-8dda486 elementor-section-boxed elementor-section-height-default elementor-section-height-default\" data-id=\"8dda486\" data-element_type=\"section\" data-e-type=\"section\" data-settings=\"{&quot;background_background&quot;:&quot;classic&quot;}\">\n\t\t\t\t\t\t<div class=\"elementor-container elementor-column-gap-default\">\n\t\t\t\t\t<div class=\"elementor-column elementor-col-50 elementor-top-column elementor-element elementor-element-0bf5981\" data-id=\"0bf5981\" data-element_type=\"column\" data-e-type=\"column\">\n\t\t\t<div class=\"elementor-widget-wrap elementor-element-populated\">\n\t\t\t\t\t\t<div class=\"elementor-element elementor-element-5849a02 elementor-invisible elementor-widget elementor-widget-image\" data-id=\"5849a02\" data-element_type=\"widget\" data-e-type=\"widget\" data-settings=\"{&quot;_animation&quot;:&quot;fadeInLeft&quot;}\" data-widget_type=\"image.default\">\n\t\t\t\t<div class=\"elementor-widget-container\">\n\t\t\t\t\t\t\t\t\t\t\t\t\t\t\t<img decoding=\"async\" width=\"800\" height=\"750\" src=\"https:\/\/amfairway.hu\/wp-content\/uploads\/2021\/02\/Amfairway_varroda_szabasminta.jpg\" class=\"attachment-large size-large wp-image-446\" alt=\"\" srcset=\"https:\/\/amfairway.hu\/wp-content\/uploads\/2021\/02\/Amfairway_varroda_szabasminta.jpg 800w, https:\/\/amfairway.hu\/wp-content\/uploads\/2021\/02\/Amfairway_varroda_szabasminta-300x281.jpg 300w, https:\/\/amfairway.hu\/wp-content\/uploads\/2021\/02\/Amfairway_varroda_szabasminta-768x720.jpg 768w\" sizes=\"(max-width: 800px) 100vw, 800px\" \/>\t\t\t\t\t\t\t\t\t\t\t\t\t\t\t<\/div>\n\t\t\t\t<\/div>\n\t\t\t\t\t<\/div>\n\t\t<\/div>\n\t\t\t\t<div class=\"elementor-column elementor-col-50 elementor-top-column elementor-element elementor-element-b622dcf\" data-id=\"b622dcf\" data-element_type=\"column\" data-e-type=\"column\">\n\t\t\t<div class=\"elementor-widget-wrap elementor-element-populated\">\n\t\t\t\t\t\t<div class=\"elementor-element elementor-element-4a3bb94 elementor-invisible elementor-widget elementor-widget-text-editor\" data-id=\"4a3bb94\" data-element_type=\"widget\" data-e-type=\"widget\" data-settings=\"{&quot;_animation&quot;:&quot;fadeInRight&quot;}\" data-widget_type=\"text-editor.default\">\n\t\t\t\t<div class=\"elementor-widget-container\">\n\t\t\t\t\t\t\t\t\t<p class=\"translation-block\"><p align=\"justify\">Thanks to our digital stylus technology, we can rapidly digitize the patterns of existing garments\u2014often in just a few minutes. Combined with our model database, which has been continuously developed for over 20 years, we offer a solid and scalable foundation for our clients.<\/p><\/p>\n<p class=\"translation-block\"><p align=\"justify\">All completed patterns are printed on modern plotters, while custom MTM sizes are securely stored in our system, personalized by name, and retrievable for future orders\u2014ensuring quick and precise re-production anytime.<\/p><\/p>\n<p class=\"translation-block\">Our services include:\n<ul>\n<li>pattern making (base and custom),<\/li>\n<li>grading,<\/li>\n<li>marker making (lay plans),<\/li>\n<li>pattern correction, modification, and digitization,<\/li>\n<li>and converting patterns from external CAD systems into ours.<\/li>\n<\/ul><\/p>\t\t\t\t\t\t\t\t<\/div>\n\t\t\t\t<\/div>\n\t\t\t\t<div class=\"elementor-element elementor-element-8cc9086 elementor-invisible elementor-widget elementor-widget-button\" data-id=\"8cc9086\" data-element_type=\"widget\" data-e-type=\"widget\" data-settings=\"{&quot;_animation&quot;:&quot;fadeInRight&quot;}\" data-widget_type=\"button.default\">\n\t\t\t\t<div class=\"elementor-widget-container\">\n\t\t\t\t\t\t\t\t\t<div class=\"elementor-button-wrapper\">\n\t\t\t\t\t<a class=\"elementor-button elementor-button-link elementor-size-sm\" href=\"https:\/\/amfairway.hu\/en\/\">\n\t\t\t\t\t\t<span class=\"elementor-button-content-wrapper\">\n\t\t\t\t\t\t<span class=\"elementor-button-icon\">\n\t\t\t\t<i aria-hidden=\"true\" class=\"far fa-arrow-alt-circle-left\"><\/i>\t\t\t<\/span>\n\t\t\t\t\t\t\t\t\t<span class=\"elementor-button-text\">Back<\/span>\n\t\t\t\t\t<\/span>\n\t\t\t\t\t<\/a>\n\t\t\t\t<\/div>\n\t\t\t\t\t\t\t\t<\/div>\n\t\t\t\t<\/div>\n\t\t\t\t\t<\/div>\n\t\t<\/div>\n\t\t\t\t\t<\/div>\n\t\t<\/section>\n\t\t\t\t<\/div>","protected":false},"excerpt":{"rendered":"<p>Modellez\u00e9s &#8211; szab\u00e1sminta szerkeszt\u00e9s &#8211; sz\u00e9ri\u00e1z\u00e1s &#8211; MTM &#8211; ter\u00edt\u00e9krajzok k\u00e9sz\u00edt\u00e9se Szakembereink nemcsak pontos l\u00e1tv\u00e1nyterv, de ak\u00e1r egy mintadarab, vagy egy modellrajz alapj\u00e1n is megszerkesztik \u00e9s digitaliz\u00e1lj\u00e1k az alapszab\u00e1smint\u00e1t, elk\u00e9sz\u00edtik a mintadarabot, \u00e9s elfogad\u00e1s ut\u00e1n lesz\u00e9ri\u00e1zz\u00e1k a k\u00e9rt modellt. A legkorszer\u0171bb tervez\u00e9si \u00e9s gy\u00e1rt\u00e1sel\u0151k\u00e9sz\u00edt\u00e9si CAD rendszerrel rendelkez\u00fcnk, melyet a n\u0151i \u00e9s f\u00e9rfi ruh\u00e1zatban egyar\u00e1nt j\u00e1rtas, &#8230; <a title=\"Modellez\u00e9s, Szab\u00e1sminta szerkeszt\u00e9s, sz\u00e9ri\u00e1z\u00e1s, MTM, ter\u00edt\u00e9krajzok k\u00e9sz\u00edt\u00e9se\" class=\"read-more\" href=\"https:\/\/amfairway.hu\/en\/modellezes-szabasminta-szerkesztes-szeriazas-mtm-teritekrajzok-keszitese\/\" aria-label=\"Read more about Modellez\u00e9s, Szab\u00e1sminta szerkeszt\u00e9s, sz\u00e9ri\u00e1z\u00e1s, MTM, ter\u00edt\u00e9krajzok k\u00e9sz\u00edt\u00e9se\">Read more<\/a><\/p>","protected":false},"author":4,"featured_media":0,"parent":0,"menu_order":0,"comment_status":"closed","ping_status":"closed","template":"elementor_header_footer","meta":{"footnotes":""},"class_list":["post-556","page","type-page","status-publish"],"_links":{"self":[{"href":"https:\/\/amfairway.hu\/en\/wp-json\/wp\/v2\/pages\/556","targetHints":{"allow":["GET"]}}],"collection":[{"href":"https:\/\/amfairway.hu\/en\/wp-json\/wp\/v2\/pages"}],"about":[{"href":"https:\/\/amfairway.hu\/en\/wp-json\/wp\/v2\/types\/page"}],"author":[{"embeddable":true,"href":"https:\/\/amfairway.hu\/en\/wp-json\/wp\/v2\/users\/4"}],"replies":[{"embeddable":true,"href":"https:\/\/amfairway.hu\/en\/wp-json\/wp\/v2\/comments?post=556"}],"version-history":[{"count":25,"href":"https:\/\/amfairway.hu\/en\/wp-json\/wp\/v2\/pages\/556\/revisions"}],"predecessor-version":[{"id":631,"href":"https:\/\/amfairway.hu\/en\/wp-json\/wp\/v2\/pages\/556\/revisions\/631"}],"wp:attachment":[{"href":"https:\/\/amfairway.hu\/en\/wp-json\/wp\/v2\/media?parent=556"}],"curies":[{"name":"wp","href":"https:\/\/api.w.org\/{rel}","templated":true}]}}