


{"id":619,"date":"2021-02-18T14:35:28","date_gmt":"2021-02-18T13:35:28","guid":{"rendered":"https:\/\/amfairway.hu\/?page_id=619"},"modified":"2021-02-18T14:42:27","modified_gmt":"2021-02-18T13:42:27","slug":"csomagolas-szallitas","status":"publish","type":"page","link":"https:\/\/amfairway.hu\/en\/csomagolas-szallitas\/","title":{"rendered":"Packaging &amp; Delivery"},"content":{"rendered":"<div data-elementor-type=\"wp-page\" data-elementor-id=\"619\" class=\"elementor elementor-619\" data-elementor-post-type=\"page\">\n\t\t\t\t\t\t<section class=\"elementor-section elementor-top-section elementor-element elementor-element-01edd04 elementor-section-boxed elementor-section-height-default elementor-section-height-default\" data-id=\"01edd04\" data-element_type=\"section\" data-e-type=\"section\">\n\t\t\t\t\t\t<div class=\"elementor-container elementor-column-gap-default\">\n\t\t\t\t\t<div class=\"elementor-column elementor-col-100 elementor-top-column elementor-element elementor-element-bd3f48c\" data-id=\"bd3f48c\" data-element_type=\"column\" data-e-type=\"column\">\n\t\t\t<div class=\"elementor-widget-wrap elementor-element-populated\">\n\t\t\t\t\t\t<div class=\"elementor-element elementor-element-d01182d elementor-invisible elementor-widget elementor-widget-heading\" data-id=\"d01182d\" data-element_type=\"widget\" data-e-type=\"widget\" data-settings=\"{&quot;_animation&quot;:&quot;fadeIn&quot;}\" data-widget_type=\"heading.default\">\n\t\t\t\t<div class=\"elementor-widget-container\">\n\t\t\t\t\t<h2 class=\"elementor-heading-title elementor-size-default\">Packaging &amp; Delivery<\/h2>\t\t\t\t<\/div>\n\t\t\t\t<\/div>\n\t\t\t\t<div class=\"elementor-element elementor-element-aade038 elementor-widget-divider--view-line_icon elementor-view-default elementor-widget-divider--element-align-center elementor-widget elementor-widget-divider\" data-id=\"aade038\" data-element_type=\"widget\" data-e-type=\"widget\" data-widget_type=\"divider.default\">\n\t\t\t\t<div class=\"elementor-widget-container\">\n\t\t\t\t\t\t\t<div class=\"elementor-divider\">\n\t\t\t<span class=\"elementor-divider-separator\">\n\t\t\t\t\t\t\t<div class=\"elementor-icon elementor-divider__element\">\n\t\t\t\t\t<i aria-hidden=\"true\" class=\"fas fa-caret-down\"><\/i><\/div>\n\t\t\t\t\t\t<\/span>\n\t\t<\/div>\n\t\t\t\t\t\t<\/div>\n\t\t\t\t<\/div>\n\t\t\t\t\t<\/div>\n\t\t<\/div>\n\t\t\t\t\t<\/div>\n\t\t<\/section>\n\t\t\t\t<section class=\"elementor-section elementor-top-section elementor-element elementor-element-bb0af75 elementor-reverse-tablet elementor-reverse-mobile elementor-section-boxed elementor-section-height-default elementor-section-height-default\" data-id=\"bb0af75\" data-element_type=\"section\" data-e-type=\"section\" data-settings=\"{&quot;background_background&quot;:&quot;classic&quot;}\">\n\t\t\t\t\t\t<div class=\"elementor-container elementor-column-gap-default\">\n\t\t\t\t\t<div class=\"elementor-column elementor-col-50 elementor-top-column elementor-element elementor-element-8633630\" data-id=\"8633630\" data-element_type=\"column\" data-e-type=\"column\">\n\t\t\t<div class=\"elementor-widget-wrap elementor-element-populated\">\n\t\t\t\t\t\t<div class=\"elementor-element elementor-element-d88cb7c elementor-invisible elementor-widget elementor-widget-text-editor\" data-id=\"d88cb7c\" data-element_type=\"widget\" data-e-type=\"widget\" data-settings=\"{&quot;_animation&quot;:&quot;fadeInLeft&quot;}\" data-widget_type=\"text-editor.default\">\n\t\t\t\t<div class=\"elementor-widget-container\">\n\t\t\t\t\t\t\t\t\t<p class=\"translation-block\"><b>Protection, presentation, and precision \u2013 the final yet essential stage of production<\/b> <br><br>\n<p align=\"justify\">Our modern packaging machines allow us to professionally pack garments according to client requirements\u2014whether that means sealed polybags, bagging, or protective packaging tailored to logistics needs.<\/p><\/p><p class=\"translation-block\"><p align=\"justify\">In addition to standard poly and BOPP bags, we also offer eco-conscious options with recycled packaging materials. Our graphic design team is available to assist in creating custom packaging that aligns with your brand identity and enhances product presentation.<\/p><\/p><p class=\"translation-block\"><p align=\"justify\">We provide delivery using our own transport vehicles, ensuring garments arrive safely and on time. For sensitive or high-end pieces, we offer hanging delivery, so garments remain perfectly wrinkle-free and presentation-ready upon arrival.<\/p><\/p>\t\t\t\t\t\t\t\t<\/div>\n\t\t\t\t<\/div>\n\t\t\t\t<div class=\"elementor-element elementor-element-429d6e3 elementor-invisible elementor-widget elementor-widget-button\" data-id=\"429d6e3\" data-element_type=\"widget\" data-e-type=\"widget\" data-settings=\"{&quot;_animation&quot;:&quot;fadeInLeft&quot;}\" data-widget_type=\"button.default\">\n\t\t\t\t<div class=\"elementor-widget-container\">\n\t\t\t\t\t\t\t\t\t<div class=\"elementor-button-wrapper\">\n\t\t\t\t\t<a class=\"elementor-button elementor-button-link elementor-size-sm\" href=\"https:\/\/amfairway.hu\/en\/\">\n\t\t\t\t\t\t<span class=\"elementor-button-content-wrapper\">\n\t\t\t\t\t\t<span class=\"elementor-button-icon\">\n\t\t\t\t<i aria-hidden=\"true\" class=\"far fa-arrow-alt-circle-left\"><\/i>\t\t\t<\/span>\n\t\t\t\t\t\t\t\t\t<span class=\"elementor-button-text\">Back<\/span>\n\t\t\t\t\t<\/span>\n\t\t\t\t\t<\/a>\n\t\t\t\t<\/div>\n\t\t\t\t\t\t\t\t<\/div>\n\t\t\t\t<\/div>\n\t\t\t\t\t<\/div>\n\t\t<\/div>\n\t\t\t\t<div class=\"elementor-column elementor-col-50 elementor-top-column elementor-element elementor-element-39652b4\" data-id=\"39652b4\" data-element_type=\"column\" data-e-type=\"column\">\n\t\t\t<div class=\"elementor-widget-wrap elementor-element-populated\">\n\t\t\t\t\t\t<div class=\"elementor-element elementor-element-0cee54e elementor-invisible elementor-widget elementor-widget-image\" data-id=\"0cee54e\" data-element_type=\"widget\" data-e-type=\"widget\" data-settings=\"{&quot;_animation&quot;:&quot;fadeInRight&quot;}\" data-widget_type=\"image.default\">\n\t\t\t\t<div class=\"elementor-widget-container\">\n\t\t\t\t\t\t\t\t\t\t\t\t\t\t\t<img fetchpriority=\"high\" decoding=\"async\" width=\"800\" height=\"750\" src=\"https:\/\/amfairway.hu\/wp-content\/uploads\/2021\/02\/csomagolas-szallitas.jpg\" class=\"attachment-large size-large wp-image-624\" alt=\"\" srcset=\"https:\/\/amfairway.hu\/wp-content\/uploads\/2021\/02\/csomagolas-szallitas.jpg 800w, https:\/\/amfairway.hu\/wp-content\/uploads\/2021\/02\/csomagolas-szallitas-300x281.jpg 300w, https:\/\/amfairway.hu\/wp-content\/uploads\/2021\/02\/csomagolas-szallitas-768x720.jpg 768w\" sizes=\"(max-width: 800px) 100vw, 800px\" \/>\t\t\t\t\t\t\t\t\t\t\t\t\t\t\t<\/div>\n\t\t\t\t<\/div>\n\t\t\t\t\t<\/div>\n\t\t<\/div>\n\t\t\t\t\t<\/div>\n\t\t<\/section>\n\t\t\t\t<\/div>","protected":false},"excerpt":{"rendered":"<p>Csomagol\u00e1s, sz\u00e1ll\u00edt\u00e1s Modern csomagol\u00f3g\u00e9peink lehet\u0151v\u00e9 teszik a ruhadarabok csomagol\u00e1s\u00e1t, leragasztott tasakol\u00e1s\u00e1t, zs\u00e1kol\u00e1s\u00e1t is. A politasakok, BOPP tasakok mellett, ak\u00e1r \u00fajrahasznos\u00edtott csomagol\u00e1ssal is el tudjuk l\u00e1tni term\u00e9keinket. Grafikusaink a csomagol\u00e1s megtervez\u00e9s\u00e9ben is seg\u00edteni tudnak. Saj\u00e1t sz\u00e1ll\u00edt\u00f3eszk\u00f6zeinkkel lehet\u0151s\u00e9g van a ruhadarabok helysz\u00ednre sz\u00e1ll\u00edt\u00e1s\u00e1ra, ak\u00e1r f\u00fcggesztett sz\u00e1ll\u00edt\u00e1si form\u00e1ban is, hogy a ruhadarabok val\u00f3ban gy\u0171r\u0151d\u00e9smentesen \u00e9rj\u00e9k el v\u00e9gs\u0151 c\u00e9ljukat. &#8230; <a title=\"Packaging &amp; Delivery\" class=\"read-more\" href=\"https:\/\/amfairway.hu\/en\/csomagolas-szallitas\/\" aria-label=\"Read more about Csomagol\u00e1s, sz\u00e1ll\u00edt\u00e1s\">Read more<\/a><\/p>","protected":false},"author":4,"featured_media":0,"parent":0,"menu_order":0,"comment_status":"closed","ping_status":"closed","template":"elementor_header_footer","meta":{"footnotes":""},"class_list":["post-619","page","type-page","status-publish"],"_links":{"self":[{"href":"https:\/\/amfairway.hu\/en\/wp-json\/wp\/v2\/pages\/619","targetHints":{"allow":["GET"]}}],"collection":[{"href":"https:\/\/amfairway.hu\/en\/wp-json\/wp\/v2\/pages"}],"about":[{"href":"https:\/\/amfairway.hu\/en\/wp-json\/wp\/v2\/types\/page"}],"author":[{"embeddable":true,"href":"https:\/\/amfairway.hu\/en\/wp-json\/wp\/v2\/users\/4"}],"replies":[{"embeddable":true,"href":"https:\/\/amfairway.hu\/en\/wp-json\/wp\/v2\/comments?post=619"}],"version-history":[{"count":7,"href":"https:\/\/amfairway.hu\/en\/wp-json\/wp\/v2\/pages\/619\/revisions"}],"predecessor-version":[{"id":627,"href":"https:\/\/amfairway.hu\/en\/wp-json\/wp\/v2\/pages\/619\/revisions\/627"}],"wp:attachment":[{"href":"https:\/\/amfairway.hu\/en\/wp-json\/wp\/v2\/media?parent=619"}],"curies":[{"name":"wp","href":"https:\/\/api.w.org\/{rel}","templated":true}]}}